{"id":26441,"date":"2016-03-17T16:58:17","date_gmt":"2016-03-17T16:58:17","guid":{"rendered":"https:\/\/erebia.ca\/contact\/"},"modified":"2020-11-24T11:18:16","modified_gmt":"2020-11-24T16:18:16","slug":"contact","status":"publish","type":"page","link":"https:\/\/erebia.ca\/en\/contact\/","title":{"rendered":"Contact"},"content":{"rendered":"<div class=\"wpb-content-wrapper\"><p>[vc_row full_width=\"stretch_row_content\" css=\".vc_custom_1458299441427{margin-bottom: 0px !important;}\"][vc_column width=\"1\/2\" offset=\"vc_col-lg-4 vc_col-md-4\"]<div class=\"gem-textbox  centered-box\"  ><div class=\"gem-textbox-inner\" style=\"\"><div class=\"gem-textbox-content\" style=\"background-position: center top;\"><div class=\"clearboth\"><\/div><style>#thegem-divider-69d43803232a6 {margin-top: 70px !important;}<\/style><div id=\"thegem-divider-69d43803232a6\" class=\"gem-divider  \" style=\"\" ><\/div>[vc_single_image image=\"25567\" img_size=\"medium\" alignment=\"center\"]<div class=\"clearboth\"><\/div><style>#thegem-divider-69d4380323359 {margin-top: 50px !important;}<\/style><div id=\"thegem-divider-69d4380323359\" class=\"gem-divider  \" style=\"\" ><\/div>[vc_column_text]300, ch. de la Pointe-aux-Anglais<br \/>\nRimouski (Qu\u00e9bec) G0L 1B0<\/p>\n<p><a href=\"phone:581 246-5055\">581 246.5055<\/a><br \/>\n<a href=\"mailto:info@erebia.ca\">info@erebia.ca<\/a>[\/vc_column_text]<div class=\"clearboth\"><\/div><style>#thegem-divider-69d43803233c8 {margin-top: 55px !important;}<\/style><div id=\"thegem-divider-69d43803233c8\" class=\"gem-divider  \" style=\"\" ><\/div><div class=\"socials socials-list socials-colored socials-rounded socials-alignment-left\"><a class=\"socials-item\" target=\"_blank\" href=\"https:\/\/www.facebook.com\/erebia.ca\/  \" aria-label=\"facebook\"><i class=\"socials-item-icon facebook\" style=\"font-size: 32px\"><\/i><\/a><a class=\"socials-item\" target=\"_blank\" href=\"https:\/\/twitter.com\/Erebia_1  \" aria-label=\"twitter\"><i class=\"socials-item-icon twitter\" style=\"font-size: 32px\"><\/i><\/a><a class=\"socials-item\" target=\"_blank\" href=\"https:\/\/www.linkedin.com\/company\/%C3%A9r%C3%A9bia\/\" aria-label=\"linkedin\"><i class=\"socials-item-icon linkedin\" style=\"font-size: 32px\"><\/i><\/a><\/div><div class=\"clearboth\"><\/div><style>#thegem-divider-69d4380323543 {margin-top: 55px !important;}<\/style><div id=\"thegem-divider-69d4380323543\" class=\"gem-divider  \" style=\"\" ><\/div><\/div><\/div><\/div>[\/vc_column][vc_column width=\"1\/2\" css=\".vc_custom_1574885475055{padding-right: 65px !important;padding-left: 65px !important;background-color: #e6ecf0 !important;}\" offset=\"vc_col-lg-8 vc_col-md-8\" el_id=\"contact_form_sp\"]<div class=\"clearboth\"><\/div><style>#thegem-divider-69d4380323638 {margin-top: 50px !important;}<\/style><div id=\"thegem-divider-69d4380323638\" class=\"gem-divider  \" style=\"\" ><\/div>[vc_column_text]<\/p>\n<div class=\"title-h2\">write to us!<\/div>\n<p>[\/vc_column_text]<div class=\"clearboth\"><\/div><style>#thegem-divider-69d4380323702 {margin-top: 60px !important;}<\/style><div id=\"thegem-divider-69d4380323702\" class=\"gem-divider  \" style=\"\" ><\/div>\n<div class=\"wpcf7 no-js\" id=\"wpcf7-f25652-o1\" lang=\"en-US\" dir=\"ltr\" data-wpcf7-id=\"25652\">\n<div class=\"screen-reader-response\"><p role=\"status\" aria-live=\"polite\" aria-atomic=\"true\"><\/p> <ul><\/ul><\/div>\n<form action=\"\/en\/wp-json\/wp\/v2\/pages\/26441#wpcf7-f25652-o1\" method=\"post\" class=\"wpcf7-form init gem-contact-form-white\" aria-label=\"Contact form\" novalidate=\"novalidate\" data-status=\"init\">\n<fieldset class=\"hidden-fields-container\"><input type=\"hidden\" name=\"_wpcf7\" value=\"25652\" \/><input type=\"hidden\" name=\"_wpcf7_version\" value=\"6.1.5\" \/><input type=\"hidden\" name=\"_wpcf7_locale\" value=\"en_US\" \/><input type=\"hidden\" name=\"_wpcf7_unit_tag\" value=\"wpcf7-f25652-o1\" \/><input type=\"hidden\" name=\"_wpcf7_container_post\" value=\"0\" \/><input type=\"hidden\" name=\"_wpcf7_posted_data_hash\" value=\"\" \/><input type=\"hidden\" name=\"_wpcf7_recaptcha_response\" value=\"\" \/>\n<\/fieldset>\n<div class=\"contact-form-style-3\">\n\n<p class=\"col-md-4 cf-style3-name\"><span class=\"wpcf7-form-control-wrap\" data-name=\"your-name\"><input size=\"40\" maxlength=\"400\" class=\"wpcf7-form-control wpcf7-text wpcf7-validates-as-required\" aria-required=\"true\" aria-invalid=\"false\" placeholder=\"Name*\" value=\"\" type=\"text\" name=\"your-name\" \/><\/span><\/p>\n<p class=\"col-md-4 cf-style3-email\"><span class=\"wpcf7-form-control-wrap\" data-name=\"your-email\"><input size=\"40\" maxlength=\"400\" class=\"wpcf7-form-control wpcf7-email wpcf7-validates-as-required wpcf7-text wpcf7-validates-as-email\" aria-required=\"true\" aria-invalid=\"false\" placeholder=\"Email*\" value=\"\" type=\"email\" name=\"your-email\" \/><\/span><\/p>\n<p class=\"col-md-4 cf-style3-website\"><span class=\"wpcf7-form-control-wrap\" data-name=\"your-website\"><input size=\"40\" maxlength=\"400\" class=\"wpcf7-form-control wpcf7-text\" aria-invalid=\"false\" placeholder=\"Website\" value=\"\" type=\"text\" name=\"your-website\" \/><\/span><\/p>\n<p class=\"col-md-12 cf-style3-textarea\"><span class=\"wpcf7-form-control-wrap\" data-name=\"your-subject\"><textarea cols=\"40\" rows=\"10\" maxlength=\"2000\" class=\"wpcf7-form-control wpcf7-textarea wpcf7-validates-as-required\" aria-required=\"true\" aria-invalid=\"false\" placeholder=\"Message*\" name=\"your-subject\"><\/textarea><\/span><\/p>\n<p class=\"col-md-12\" ><div class=\"gem-button-container gem-button-position-fullwidth thegem-button-69d4380324d614704\"  ><input class=\"gem-button gem-button-size-small gem-button-style-flat gem-button-text-weight-normal wpcf7-form-control wpcf7-submit has-spinner gem-button-wpcf-custom\" data-ll-effect=\"drop-right-without-wrap\" style=\"border-radius: 3px;\" onmouseleave=\"\" onmouseenter=\"\" id=\"\" tabindex=\"\" type=\"submit\" value=\"Submit Message\" \/><\/div>\n<\/div><p style=\"display: none !important;\" class=\"akismet-fields-container\" data-prefix=\"_wpcf7_ak_\"><label>&#916;<textarea name=\"_wpcf7_ak_hp_textarea\" cols=\"45\" rows=\"8\" maxlength=\"100\"><\/textarea><\/label><input type=\"hidden\" id=\"ak_js_1\" name=\"_wpcf7_ak_js\" value=\"170\"\/><script>document.getElementById( \"ak_js_1\" ).setAttribute( \"value\", ( new Date() ).getTime() );<\/script><\/p><div class=\"wpcf7-response-output\" aria-hidden=\"true\"><\/div>\n<\/form>\n<\/div>\n[\/vc_column][\/vc_row]<\/p>\n<\/div>","protected":false},"excerpt":{"rendered":"<p>[vc_row full_width=&#8221;stretch_row_content&#8221; css=&#8221;.vc_custom_1458299441427{margin-bottom: 0px !important;}&#8221;][vc_column width=&#8221;1\/2&#8243; offset=&#8221;vc_col-lg-4 vc_col-md-4&#8243;][\/vc_column][vc_column width=&#8221;1\/2&#8243; css=&#8221;.vc_custom_1574885475055{padding-right: 65px !important;padding-left: 65px !important;background-color: #e6ecf0 !important;}&#8221; offset=&#8221;vc_col-lg-8 vc_col-md-8&#8243; el_id=&#8221;contact_form_sp&#8221;][vc_column_text] write&#8230;<\/p>\n","protected":false},"author":1,"featured_media":0,"parent":0,"menu_order":0,"comment_status":"closed","ping_status":"closed","template":"","meta":{"footnotes":""},"class_list":["post-26441","page","type-page","status-publish"],"yoast_head":"<!-- This site is optimized with the Yoast SEO plugin v26.8 - https:\/\/yoast.com\/product\/yoast-seo-wordpress\/ -->\n<title>Contactez \u00c9r\u00e9bia - Cabinet-conseil en environnement - \u00c9r\u00e9bia<\/title>\n<meta name=\"description\" content=\"Pour des services experts et des besoins en lien avec les communaut\u00e9s autochtones pour des projets en sociobiologie et environnement, contactez-nous!\" \/>\n<meta name=\"robots\" content=\"index, follow, max-snippet:-1, max-image-preview:large, max-video-preview:-1\" \/>\n<link rel=\"canonical\" href=\"https:\/\/erebia.ca\/en\/contact\/\" \/>\n<meta property=\"og:locale\" content=\"en_US\" \/>\n<meta property=\"og:type\" content=\"article\" \/>\n<meta property=\"og:title\" content=\"Contactez \u00c9r\u00e9bia - Cabinet-conseil en environnement - \u00c9r\u00e9bia\" \/>\n<meta property=\"og:description\" content=\"Pour des services experts et des besoins en lien avec les communaut\u00e9s autochtones pour des projets en sociobiologie et environnement, contactez-nous!\" \/>\n<meta property=\"og:url\" content=\"https:\/\/erebia.ca\/en\/contact\/\" \/>\n<meta property=\"og:site_name\" content=\"\u00c9r\u00e9bia\" \/>\n<meta property=\"article:modified_time\" content=\"2020-11-24T16:18:16+00:00\" \/>\n<meta name=\"twitter:card\" content=\"summary_large_image\" \/>\n<meta name=\"twitter:label1\" content=\"Est. reading time\" \/>\n\t<meta name=\"twitter:data1\" content=\"1 minute\" \/>\n<script type=\"application\/ld+json\" class=\"yoast-schema-graph\">{\"@context\":\"https:\/\/schema.org\",\"@graph\":[{\"@type\":\"WebPage\",\"@id\":\"https:\/\/erebia.ca\/en\/contact\/\",\"url\":\"https:\/\/erebia.ca\/en\/contact\/\",\"name\":\"Contactez \u00c9r\u00e9bia - Cabinet-conseil en environnement - \u00c9r\u00e9bia\",\"isPartOf\":{\"@id\":\"https:\/\/erebia.ca\/#website\"},\"datePublished\":\"2016-03-17T16:58:17+00:00\",\"dateModified\":\"2020-11-24T16:18:16+00:00\",\"description\":\"Pour des services experts et des besoins en lien avec les communaut\u00e9s autochtones pour des projets en sociobiologie et environnement, contactez-nous!\",\"breadcrumb\":{\"@id\":\"https:\/\/erebia.ca\/en\/contact\/#breadcrumb\"},\"inLanguage\":\"en-US\",\"potentialAction\":[{\"@type\":\"ReadAction\",\"target\":[\"https:\/\/erebia.ca\/en\/contact\/\"]}]},{\"@type\":\"BreadcrumbList\",\"@id\":\"https:\/\/erebia.ca\/en\/contact\/#breadcrumb\",\"itemListElement\":[{\"@type\":\"ListItem\",\"position\":1,\"name\":\"Accueil\",\"item\":\"https:\/\/erebia.ca\/en\/\"},{\"@type\":\"ListItem\",\"position\":2,\"name\":\"Contact\"}]},{\"@type\":\"WebSite\",\"@id\":\"https:\/\/erebia.ca\/#website\",\"url\":\"https:\/\/erebia.ca\/\",\"name\":\"\u00c9r\u00e9bia\",\"description\":\"\",\"potentialAction\":[{\"@type\":\"SearchAction\",\"target\":{\"@type\":\"EntryPoint\",\"urlTemplate\":\"https:\/\/erebia.ca\/?s={search_term_string}\"},\"query-input\":{\"@type\":\"PropertyValueSpecification\",\"valueRequired\":true,\"valueName\":\"search_term_string\"}}],\"inLanguage\":\"en-US\"}]}<\/script>\n<!-- \/ Yoast SEO plugin. -->","yoast_head_json":{"title":"Contactez \u00c9r\u00e9bia - Cabinet-conseil en environnement - \u00c9r\u00e9bia","description":"Pour des services experts et des besoins en lien avec les communaut\u00e9s autochtones pour des projets en sociobiologie et environnement, contactez-nous!","robots":{"index":"index","follow":"follow","max-snippet":"max-snippet:-1","max-image-preview":"max-image-preview:large","max-video-preview":"max-video-preview:-1"},"canonical":"https:\/\/erebia.ca\/en\/contact\/","og_locale":"en_US","og_type":"article","og_title":"Contactez \u00c9r\u00e9bia - Cabinet-conseil en environnement - \u00c9r\u00e9bia","og_description":"Pour des services experts et des besoins en lien avec les communaut\u00e9s autochtones pour des projets en sociobiologie et environnement, contactez-nous!","og_url":"https:\/\/erebia.ca\/en\/contact\/","og_site_name":"\u00c9r\u00e9bia","article_modified_time":"2020-11-24T16:18:16+00:00","twitter_card":"summary_large_image","twitter_misc":{"Est. reading time":"1 minute"},"schema":{"@context":"https:\/\/schema.org","@graph":[{"@type":"WebPage","@id":"https:\/\/erebia.ca\/en\/contact\/","url":"https:\/\/erebia.ca\/en\/contact\/","name":"Contactez \u00c9r\u00e9bia - Cabinet-conseil en environnement - \u00c9r\u00e9bia","isPartOf":{"@id":"https:\/\/erebia.ca\/#website"},"datePublished":"2016-03-17T16:58:17+00:00","dateModified":"2020-11-24T16:18:16+00:00","description":"Pour des services experts et des besoins en lien avec les communaut\u00e9s autochtones pour des projets en sociobiologie et environnement, contactez-nous!","breadcrumb":{"@id":"https:\/\/erebia.ca\/en\/contact\/#breadcrumb"},"inLanguage":"en-US","potentialAction":[{"@type":"ReadAction","target":["https:\/\/erebia.ca\/en\/contact\/"]}]},{"@type":"BreadcrumbList","@id":"https:\/\/erebia.ca\/en\/contact\/#breadcrumb","itemListElement":[{"@type":"ListItem","position":1,"name":"Accueil","item":"https:\/\/erebia.ca\/en\/"},{"@type":"ListItem","position":2,"name":"Contact"}]},{"@type":"WebSite","@id":"https:\/\/erebia.ca\/#website","url":"https:\/\/erebia.ca\/","name":"\u00c9r\u00e9bia","description":"","potentialAction":[{"@type":"SearchAction","target":{"@type":"EntryPoint","urlTemplate":"https:\/\/erebia.ca\/?s={search_term_string}"},"query-input":{"@type":"PropertyValueSpecification","valueRequired":true,"valueName":"search_term_string"}}],"inLanguage":"en-US"}]}},"_links":{"self":[{"href":"https:\/\/erebia.ca\/en\/wp-json\/wp\/v2\/pages\/26441","targetHints":{"allow":["GET"]}}],"collection":[{"href":"https:\/\/erebia.ca\/en\/wp-json\/wp\/v2\/pages"}],"about":[{"href":"https:\/\/erebia.ca\/en\/wp-json\/wp\/v2\/types\/page"}],"author":[{"embeddable":true,"href":"https:\/\/erebia.ca\/en\/wp-json\/wp\/v2\/users\/1"}],"replies":[{"embeddable":true,"href":"https:\/\/erebia.ca\/en\/wp-json\/wp\/v2\/comments?post=26441"}],"version-history":[{"count":3,"href":"https:\/\/erebia.ca\/en\/wp-json\/wp\/v2\/pages\/26441\/revisions"}],"predecessor-version":[{"id":26468,"href":"https:\/\/erebia.ca\/en\/wp-json\/wp\/v2\/pages\/26441\/revisions\/26468"}],"wp:attachment":[{"href":"https:\/\/erebia.ca\/en\/wp-json\/wp\/v2\/media?parent=26441"}],"curies":[{"name":"wp","href":"https:\/\/api.w.org\/{rel}","templated":true}]}}