{"id":26432,"date":"2019-11-07T14:35:10","date_gmt":"2019-11-07T14:35:10","guid":{"rendered":"https:\/\/erebia.ca\/a-propos\/"},"modified":"2020-11-24T10:37:32","modified_gmt":"2020-11-24T15:37:32","slug":"about","status":"publish","type":"page","link":"https:\/\/erebia.ca\/en\/about\/","title":{"rendered":"About"},"content":{"rendered":"<div class=\"wpb-content-wrapper\"><p>[vc_row full_width=\"stretch_row\"][vc_column]<div class=\"clearboth\"><\/div><style>#thegem-divider-69d4046d8e518 {margin-top: 70px !important;}<\/style><div id=\"thegem-divider-69d4046d8e518\" class=\"gem-divider  \" style=\"\" ><\/div>[vc_column_text css_animation=\"none\"]<\/p>\n<h2 style=\"text-align: center;\">oUR mission<\/h2>\n<p>[\/vc_column_text][vc_row_inner][vc_column_inner][vc_column_text css_animation=\"fadeIn\"]<\/p>\n<ul>\n<li><strong>Find<\/strong>\u00a0<span lang=\"EN-US\">innovative methods to mobilize and weave together local, Indigenous and scientific knowledg<\/span>es<\/li>\n<li><strong>Support<\/strong> <span lang=\"EN-US\">individuals and organizations in the development of quality projects based on sustainable and respectful relationships with Indigenous communitie<\/span>s<\/li>\n<li><strong>Collaborate<\/strong>\u00a0<span lang=\"EN-US\">with local and Indigenous communities to design and establish projects that are based on their interests and knowledge<\/span><\/li>\n<li><strong>Sensitize<\/strong>\u00a0<span lang=\"EN-US\">individuals and non-Indigenous collectivities to Indigenous realities<\/span><\/li>\n<li><strong>Foster<\/strong>\u00a0<span lang=\"EN-US\">knowledge transfer and capacity building within communitie<\/span>s<\/li>\n<\/ul>\n<p>[\/vc_column_text]<div class=\"clearboth\"><\/div><style>#thegem-divider-69d4046d8e58b {margin-top: 40px !important;}<\/style><div id=\"thegem-divider-69d4046d8e58b\" class=\"gem-divider  \" style=\"\" ><\/div>[vc_column_text css_animation=\"fadeIn\"]<\/p>\n<h3 style=\"text-align: center;\">OUR philosophY<\/h3>\n<p style=\"text-align: center;\"><strong><span lang=\"EN-US\">Rely on respectful collaboration and benefit from the strengths of our respective knowledge<\/span>s<\/strong><\/p>\n<p>[\/vc_column_text][\/vc_column_inner][\/vc_row_inner]<div class=\"clearboth\"><\/div><style>#thegem-divider-69d4046d8e5d4 {margin-top: 70px !important;}<\/style><div id=\"thegem-divider-69d4046d8e5d4\" class=\"gem-divider  display_none_mobile\" style=\"\" ><\/div>[vc_separator el_class=\"display_none_mobile\"][vc_empty_space height=\"50\" el_class=\"display_none_mobile\"][\/vc_column][\/vc_row][vc_row full_width=\"stretch_row_content\" gap=\"25\" content_placement=\"middle\" el_id=\"erebia_two_col_but_three\"][vc_column width=\"1\/2\" css=\".vc_custom_1575918822953{margin-top: 0px !important;margin-right: 0px !important;margin-bottom: 0px !important;margin-left: 0px !important;border-top-width: 0px !important;border-right-width: 0px !important;border-bottom-width: 0px !important;border-left-width: 0px !important;padding-top: 0px !important;padding-bottom: 0px !important;}\" el_class=\"image_bg_vc\"][vc_row_inner][vc_column_inner][vc_single_image image=\"26350\" img_size=\"full\" alignment=\"center\"][\/vc_column_inner][\/vc_row_inner][\/vc_column][vc_column width=\"2\/6\"][vc_row_inner][vc_column_inner][vc_column_text css_animation=\"fadeInRight\"]<\/p>\n<h3>15 years of expertise<\/h3>\n<h4><strong>Catherine-Alexandra Gagnon<\/strong> Ph. D.<br \/>\nPrEsident<\/h4>\n<p><strong>Catherine-Alexandra Gagnon owns a vast expertise in working collaboratively with\u00a0Indigenous communities.<\/strong><\/p>\n<p><span lang=\"EN-US\">Owing to 15 years of work experience, from Mongolia to the Canadian North, she has developed a deep interest in the various forms of knowledge that humans have developed to understand and manage their environment. She is particularly interested in finding innovative ways to weave together Indigenous and local knowledge with scientific knowledge, as well as in knowledge co-production and community-based environmental monitoring. <\/span><\/p>\n<p><span lang=\"EN-US\">Inspired by the concept of social capital, she works towards raising respect and trust between communities, and among the various actors involved in environmental monitoring and management<\/span>.[\/vc_column_text][\/vc_column_inner][\/vc_row_inner][\/vc_column][vc_column width=\"1\/6\" offset=\"vc_hidden-md vc_hidden-sm vc_hidden-xs\"][\/vc_column][\/vc_row][vc_row css=\".vc_custom_1574369559754{margin-top: 0px !important;}\"][vc_column][vc_column_text css_animation=\"fadeInUp\"]<\/p>\n<h3>thEorEtical and practical training<\/h3>\n<p>Catherine-Alexandra <span lang=\"EN-US\">earned an interdisciplinary PhD in environmental sciences and a master's in wildlife management at Universit\u00e9 du Qu\u00e9bec \u00e0 Rimouski, a bachelor in wildlife biology from McGill University and a certificate in Indigenous studies from Universit\u00e9 de <\/span>Montr\u00e9al.<\/p>\n<p>During her studies, she worked actively with communities. <span lang=\"EN-US\">Her research focused on the knowledge of Inuit, Inuvialuit and Gwich'in Elders and hunters from Nunavut, the Northwest-Territories and the Yukon<\/span>.[\/vc_column_text][vc_empty_space height=\"50\"][\/vc_column][\/vc_row][vc_row full_width=\"stretch_row\" content_placement=\"middle\" css=\".vc_custom_1574793053906{margin-top: 0px !important;margin-bottom: 0px !important;background-color: #e6ecf0 !important;}\" el_id=\"erebia_call_action\"][vc_column]<div class=\"clearboth\"><\/div><style>#thegem-divider-69d4046d8e612 {margin-top: 70px !important;}<\/style><div id=\"thegem-divider-69d4046d8e612\" class=\"gem-divider  \" style=\"\" ><\/div>[vc_row_inner content_placement=\"top\"][vc_column_inner width=\"2\/3\"][vc_column_text css_animation=\"fadeInLeftBig\"]<\/p>\n<h3>for expert services regarding your community-based projects.<\/h3>\n<p>[\/vc_column_text][\/vc_column_inner][vc_column_inner width=\"1\/3\"]<div class=\"gem-button-container gem-button-position-center thegem-button-69d4046d8e6f44013    \"  ><a title=\"\u00c0 propos\" class=\"gem-button gem-button-size-medium gem-button-style-flat gem-button-text-weight-thin\" data-ll-effect=\"drop-right-without-wrap\" style=\"border-radius: 3px;\" onmouseleave=\"\" onmouseenter=\"\" href=\"https:\/\/erebia.ca\/en\/contact\/\" target=\"_self\">Contact-us!<\/a><\/div> [\/vc_column_inner][\/vc_row_inner]<div class=\"clearboth\"><\/div><style>#thegem-divider-69d4046d8e751 {margin-top: 70px !important;}<\/style><div id=\"thegem-divider-69d4046d8e751\" class=\"gem-divider  \" style=\"\" ><\/div>[\/vc_column][\/vc_row]<\/p>\n<\/div>","protected":false},"excerpt":{"rendered":"<p>[vc_row full_width=&#8221;stretch_row&#8221;][vc_column][vc_column_text css_animation=&#8221;none&#8221;] oUR mission [\/vc_column_text][vc_row_inner][vc_column_inner][vc_column_text css_animation=&#8221;fadeIn&#8221;] Find\u00a0innovative methods to mobilize and weave together local, Indigenous and scientific knowledges Support&#8230;<\/p>\n","protected":false},"author":1,"featured_media":0,"parent":0,"menu_order":0,"comment_status":"closed","ping_status":"closed","template":"","meta":{"footnotes":""},"class_list":["post-26432","page","type-page","status-publish"],"yoast_head":"<!-- This site is optimized with the Yoast SEO plugin v26.8 - https:\/\/yoast.com\/product\/yoast-seo-wordpress\/ -->\n<title>Catherine Gagnon : 15 ans d&#039;expertise en milieux autochtones - \u00c9r\u00e9bia<\/title>\n<meta name=\"description\" content=\"Catherine Gagnon mise sur la collaboration respectueuse pour mettre \u00e0 profit les forces des savoirs respectifs en surveillance et gestion environnementales.\" \/>\n<meta name=\"robots\" content=\"index, follow, max-snippet:-1, max-image-preview:large, max-video-preview:-1\" \/>\n<link rel=\"canonical\" href=\"https:\/\/erebia.ca\/en\/about\/\" \/>\n<meta property=\"og:locale\" content=\"en_US\" \/>\n<meta property=\"og:type\" content=\"article\" \/>\n<meta property=\"og:title\" content=\"Catherine Gagnon : 15 ans d&#039;expertise en milieux autochtones - \u00c9r\u00e9bia\" \/>\n<meta property=\"og:description\" content=\"Catherine Gagnon mise sur la collaboration respectueuse pour mettre \u00e0 profit les forces des savoirs respectifs en surveillance et gestion environnementales.\" \/>\n<meta property=\"og:url\" content=\"https:\/\/erebia.ca\/en\/about\/\" \/>\n<meta property=\"og:site_name\" content=\"\u00c9r\u00e9bia\" \/>\n<meta property=\"article:modified_time\" content=\"2020-11-24T15:37:32+00:00\" \/>\n<meta name=\"twitter:card\" content=\"summary_large_image\" \/>\n<meta name=\"twitter:label1\" content=\"Est. reading time\" \/>\n\t<meta name=\"twitter:data1\" content=\"3 minutes\" \/>\n<script type=\"application\/ld+json\" class=\"yoast-schema-graph\">{\"@context\":\"https:\/\/schema.org\",\"@graph\":[{\"@type\":\"WebPage\",\"@id\":\"https:\/\/erebia.ca\/en\/about\/\",\"url\":\"https:\/\/erebia.ca\/en\/about\/\",\"name\":\"Catherine Gagnon : 15 ans d'expertise en milieux autochtones - \u00c9r\u00e9bia\",\"isPartOf\":{\"@id\":\"https:\/\/erebia.ca\/#website\"},\"datePublished\":\"2019-11-07T14:35:10+00:00\",\"dateModified\":\"2020-11-24T15:37:32+00:00\",\"description\":\"Catherine Gagnon mise sur la collaboration respectueuse pour mettre \u00e0 profit les forces des savoirs respectifs en surveillance et gestion environnementales.\",\"breadcrumb\":{\"@id\":\"https:\/\/erebia.ca\/en\/about\/#breadcrumb\"},\"inLanguage\":\"en-US\",\"potentialAction\":[{\"@type\":\"ReadAction\",\"target\":[\"https:\/\/erebia.ca\/en\/about\/\"]}]},{\"@type\":\"BreadcrumbList\",\"@id\":\"https:\/\/erebia.ca\/en\/about\/#breadcrumb\",\"itemListElement\":[{\"@type\":\"ListItem\",\"position\":1,\"name\":\"Accueil\",\"item\":\"https:\/\/erebia.ca\/en\/\"},{\"@type\":\"ListItem\",\"position\":2,\"name\":\"About\"}]},{\"@type\":\"WebSite\",\"@id\":\"https:\/\/erebia.ca\/#website\",\"url\":\"https:\/\/erebia.ca\/\",\"name\":\"\u00c9r\u00e9bia\",\"description\":\"\",\"potentialAction\":[{\"@type\":\"SearchAction\",\"target\":{\"@type\":\"EntryPoint\",\"urlTemplate\":\"https:\/\/erebia.ca\/?s={search_term_string}\"},\"query-input\":{\"@type\":\"PropertyValueSpecification\",\"valueRequired\":true,\"valueName\":\"search_term_string\"}}],\"inLanguage\":\"en-US\"}]}<\/script>\n<!-- \/ Yoast SEO plugin. -->","yoast_head_json":{"title":"Catherine Gagnon : 15 ans d'expertise en milieux autochtones - \u00c9r\u00e9bia","description":"Catherine Gagnon mise sur la collaboration respectueuse pour mettre \u00e0 profit les forces des savoirs respectifs en surveillance et gestion environnementales.","robots":{"index":"index","follow":"follow","max-snippet":"max-snippet:-1","max-image-preview":"max-image-preview:large","max-video-preview":"max-video-preview:-1"},"canonical":"https:\/\/erebia.ca\/en\/about\/","og_locale":"en_US","og_type":"article","og_title":"Catherine Gagnon : 15 ans d'expertise en milieux autochtones - \u00c9r\u00e9bia","og_description":"Catherine Gagnon mise sur la collaboration respectueuse pour mettre \u00e0 profit les forces des savoirs respectifs en surveillance et gestion environnementales.","og_url":"https:\/\/erebia.ca\/en\/about\/","og_site_name":"\u00c9r\u00e9bia","article_modified_time":"2020-11-24T15:37:32+00:00","twitter_card":"summary_large_image","twitter_misc":{"Est. reading time":"3 minutes"},"schema":{"@context":"https:\/\/schema.org","@graph":[{"@type":"WebPage","@id":"https:\/\/erebia.ca\/en\/about\/","url":"https:\/\/erebia.ca\/en\/about\/","name":"Catherine Gagnon : 15 ans d'expertise en milieux autochtones - \u00c9r\u00e9bia","isPartOf":{"@id":"https:\/\/erebia.ca\/#website"},"datePublished":"2019-11-07T14:35:10+00:00","dateModified":"2020-11-24T15:37:32+00:00","description":"Catherine Gagnon mise sur la collaboration respectueuse pour mettre \u00e0 profit les forces des savoirs respectifs en surveillance et gestion environnementales.","breadcrumb":{"@id":"https:\/\/erebia.ca\/en\/about\/#breadcrumb"},"inLanguage":"en-US","potentialAction":[{"@type":"ReadAction","target":["https:\/\/erebia.ca\/en\/about\/"]}]},{"@type":"BreadcrumbList","@id":"https:\/\/erebia.ca\/en\/about\/#breadcrumb","itemListElement":[{"@type":"ListItem","position":1,"name":"Accueil","item":"https:\/\/erebia.ca\/en\/"},{"@type":"ListItem","position":2,"name":"About"}]},{"@type":"WebSite","@id":"https:\/\/erebia.ca\/#website","url":"https:\/\/erebia.ca\/","name":"\u00c9r\u00e9bia","description":"","potentialAction":[{"@type":"SearchAction","target":{"@type":"EntryPoint","urlTemplate":"https:\/\/erebia.ca\/?s={search_term_string}"},"query-input":{"@type":"PropertyValueSpecification","valueRequired":true,"valueName":"search_term_string"}}],"inLanguage":"en-US"}]}},"_links":{"self":[{"href":"https:\/\/erebia.ca\/en\/wp-json\/wp\/v2\/pages\/26432","targetHints":{"allow":["GET"]}}],"collection":[{"href":"https:\/\/erebia.ca\/en\/wp-json\/wp\/v2\/pages"}],"about":[{"href":"https:\/\/erebia.ca\/en\/wp-json\/wp\/v2\/types\/page"}],"author":[{"embeddable":true,"href":"https:\/\/erebia.ca\/en\/wp-json\/wp\/v2\/users\/1"}],"replies":[{"embeddable":true,"href":"https:\/\/erebia.ca\/en\/wp-json\/wp\/v2\/comments?post=26432"}],"version-history":[{"count":6,"href":"https:\/\/erebia.ca\/en\/wp-json\/wp\/v2\/pages\/26432\/revisions"}],"predecessor-version":[{"id":26458,"href":"https:\/\/erebia.ca\/en\/wp-json\/wp\/v2\/pages\/26432\/revisions\/26458"}],"wp:attachment":[{"href":"https:\/\/erebia.ca\/en\/wp-json\/wp\/v2\/media?parent=26432"}],"curies":[{"name":"wp","href":"https:\/\/api.w.org\/{rel}","templated":true}]}}