{"id":26422,"date":"2019-11-26T14:53:12","date_gmt":"2019-11-26T14:53:12","guid":{"rendered":"https:\/\/erebia.ca\/services\/conception-de-projets-et-analyses\/"},"modified":"2020-11-24T10:36:00","modified_gmt":"2020-11-24T15:36:00","slug":"project-design-and-analyses","status":"publish","type":"page","link":"https:\/\/erebia.ca\/en\/services\/project-design-and-analyses\/","title":{"rendered":"Project design and analyses"},"content":{"rendered":"<div class=\"wpb-content-wrapper\"><p>[vc_row css=\".vc_custom_1574369559754{margin-top: 0px !important;}\"][vc_column][vc_empty_space height=\"70\"][vc_column_text css_animation=\"none\"]<\/p>\n<h2 style=\"text-align: center;\">STARTING WITH A SOLID FOUNDATION<\/h2>\n<p>\u00c9r\u00e9bia <span lang=\"EN-US\">designs and elaborates environmental monitoring programs based on local and Indigenous knowledge, or a combination of scientific, local and Indigenous knowledge<\/span>.[\/vc_column_text][vc_empty_space height=\"50\"][\/vc_column][\/vc_row][vc_row full_width=\"stretch_row_content\" gap=\"25\" content_placement=\"middle\" el_id=\"erebia_two_col_but_three\"][vc_column parallax=\"content-moving\" parallax_image=\"25284\" parallax_speed_bg=\"2\" width=\"1\/2\" css=\".vc_custom_1574782715986{margin-top: 0px !important;margin-right: 0px !important;margin-bottom: 0px !important;margin-left: 0px !important;border-top-width: 0px !important;border-right-width: 0px !important;border-bottom-width: 0px !important;border-left-width: 0px !important;padding-top: 0px !important;padding-bottom: 0px !important;}\"][vc_row_inner][vc_column_inner][vc_empty_space height=\"500\" el_class=\"two_third_space_mobile\"][\/vc_column_inner][\/vc_row_inner][\/vc_column][vc_column width=\"2\/6\"][vc_row_inner][vc_column_inner][vc_column_text css_animation=\"fadeInRight\"]<\/p>\n<h3>RELY ON COMPLEMENTARY STRENGTHS<\/h3>\n<p>\u00c9r\u00e9bia supports Indigenous communities and non-Indigenous organizations i<span lang=\"EN-US\">n developing environmental monitoring programs that emphasize the complementary strengths of both Indigenous and scientific knowledges. \u00c9r\u00e9bia uses innovative methods to create synergies between these different types of knowledge. <\/span>[\/vc_column_text][\/vc_column_inner][\/vc_row_inner][\/vc_column][vc_column width=\"1\/6\" offset=\"vc_hidden-md vc_hidden-sm vc_hidden-xs\"][\/vc_column][\/vc_row][vc_row css=\".vc_custom_1574369559754{margin-top: 0px !important;}\"][vc_column][vc_empty_space height=\"50\"][vc_column_text css_animation=\"fadeInUp\"]<\/p>\n<h3>CUSTOMISED ENVIRONMENTAL MONITORING programs<\/h3>\n<p>\u00c9r\u00e9bia <span lang=\"EN-US\">designs environmental monitoring programs that address the needs of both communities and organizations working with communities<\/span>.<\/p>\n<p><strong><span lang=\"EN-US\">You want to put in place a community-based environmental monitoring program that mobilizes Indigenous and scientific knowledges, \u00c9r\u00e9bia can assist you with the design and implementation<\/span>\u00a0:<\/strong><\/p>\n<ul>\n<li>Community mobilization and engagement<\/li>\n<li>Program design and planning<\/li>\n<li>Establishing working committees<\/li>\n<li>Selecting variables and indicators to be measured<\/li>\n<li>Data management and analyses<\/li>\n<li>Designing programs that respect intellectual property rights<\/li>\n<li>Communication of results and\u00a0communication plan<\/li>\n<\/ul>\n<p>[\/vc_column_text][vc_empty_space height=\"50\"][\/vc_column][\/vc_row][vc_row][vc_column][vc_text_separator title=\"Other services\" css_animation=\"fadeInUp\"][vc_empty_space height=\"50\"][vc_row_inner][vc_column_inner width=\"1\/4\"][vc_single_image image=\"26342\" img_size=\"full\" alignment=\"center\" css_animation=\"fadeInLeft\"][\/vc_column_inner][vc_column_inner el_class=\"center_mobile\" width=\"3\/4\"][vc_column_text css_animation=\"fadeInRightBig\"]<\/p>\n<h3><a href=\"https:\/\/erebia.ca\/en\/services\/training\/\">TRAINING<\/a><\/h3>\n<p>\u00c9r\u00e9bia <span lang=\"EN-US\">designs and hosts training sessions for individuals and organizations. Training sessions aim at improving knowledge about indigenous realities, and foster respectful and adequate practices for individuals and organizations working with communities<\/span>.[\/vc_column_text][vc_empty_space height=\"20\"]<div class=\"gem-button-container gem-button-position-left thegem-button-69d41e08c60961161    \"  ><a title=\"Formation et atelier\" class=\"gem-button gem-button-size-medium gem-button-style-flat gem-button-text-weight-thin\" data-ll-effect=\"drop-right-without-wrap\" style=\"border-radius: 3px;\" onmouseleave=\"\" onmouseenter=\"\" href=\"https:\/\/erebia.ca\/en\/services\/training\/\" target=\"_self\">Learn more<\/a><\/div> [\/vc_column_inner][\/vc_row_inner][vc_empty_space height=\"50\"][vc_row_inner][vc_column_inner width=\"1\/4\"][vc_single_image image=\"25519\" img_size=\"full\" alignment=\"center\" css_animation=\"fadeInLeft\"][\/vc_column_inner][vc_column_inner el_class=\"center_mobile\" width=\"3\/4\"][vc_column_text css_animation=\"fadeInRightBig\"]<\/p>\n<h3><a href=\"https:\/\/erebia.ca\/en\/services\/organizational-support\/\">ORGANIZATIONAL SUPPORT<\/a><\/h3>\n<p><span lang=\"EN-US\">You are an Indigenous community or you work in collaboration with communities, \u00c9r\u00e9bia can provide support for your projects related to consultation, environmental monitoring or the collection of local and Indigenous knowledge<\/span>.[\/vc_column_text][vc_empty_space height=\"20\"]<div class=\"gem-button-container gem-button-position-left thegem-button-69d41e08c617e9231    \"  ><a title=\"Organizational support\" class=\"gem-button gem-button-size-medium gem-button-style-flat gem-button-text-weight-thin\" data-ll-effect=\"drop-right-without-wrap\" style=\"border-radius: 3px;\" onmouseleave=\"\" onmouseenter=\"\" href=\"https:\/\/erebia.ca\/en\/services\/organizational-support\/\" target=\"_self\">Learn more<\/a><\/div> [\/vc_column_inner][\/vc_row_inner][vc_empty_space height=\"70\"][\/vc_column][\/vc_row][vc_row full_width=\"stretch_row\" content_placement=\"middle\" css=\".vc_custom_1574793003121{margin-top: 0px !important;margin-bottom: 0px !important;background-color: #e6ecf0 !important;}\" el_id=\"erebia_call_action\"][vc_column]<div class=\"clearboth\"><\/div><style>#thegem-divider-69d41e08c61f4 {margin-top: 70px !important;}<\/style><div id=\"thegem-divider-69d41e08c61f4\" class=\"gem-divider  \" style=\"\" ><\/div>[vc_row_inner content_placement=\"top\"][vc_column_inner width=\"2\/3\"][vc_column_text css_animation=\"fadeInLeftBig\"]<\/p>\n<h3>TO ELABORATE PROJECTS THAT HAVE A STRONG BASIS, contact-us!<\/h3>\n<p>[\/vc_column_text][\/vc_column_inner][vc_column_inner width=\"1\/3\"]<div class=\"gem-button-container gem-button-position-center thegem-button-69d41e08c629a5916    \"  ><a title=\"\u00c0 propos\" class=\"gem-button gem-button-size-medium gem-button-style-flat gem-button-text-weight-thin\" data-ll-effect=\"drop-right-without-wrap\" style=\"border-radius: 3px;\" onmouseleave=\"\" onmouseenter=\"\" href=\"https:\/\/erebia.ca\/en\/contact\/\" target=\"_self\">Contact<\/a><\/div> [\/vc_column_inner][\/vc_row_inner]<div class=\"clearboth\"><\/div><style>#thegem-divider-69d41e08c62f1 {margin-top: 70px !important;}<\/style><div id=\"thegem-divider-69d41e08c62f1\" class=\"gem-divider  \" style=\"\" ><\/div>[\/vc_column][\/vc_row]<\/p>\n<\/div>","protected":false},"excerpt":{"rendered":"<p>[vc_row css=&#8221;.vc_custom_1574369559754{margin-top: 0px !important;}&#8221;][vc_column][vc_empty_space height=&#8221;70&#8243;][vc_column_text css_animation=&#8221;none&#8221;] STARTING WITH A SOLID FOUNDATION \u00c9r\u00e9bia designs and elaborates environmental monitoring programs based on&#8230;<\/p>\n","protected":false},"author":1,"featured_media":0,"parent":26371,"menu_order":2,"comment_status":"closed","ping_status":"closed","template":"","meta":{"footnotes":""},"class_list":["post-26422","page","type-page","status-publish"],"yoast_head":"<!-- This site is optimized with the Yoast SEO plugin v26.8 - https:\/\/yoast.com\/product\/yoast-seo-wordpress\/ -->\n<title>Conception de projets\/analyses-d\u00e9marrez sur une bonne base - \u00c9r\u00e9bia<\/title>\n<meta name=\"description\" content=\"Pour des projets de surveillance environnementale bas\u00e9s sur les connaissances ou sur une combinaison de connaissances scientifiques, locales et autochtones.\" \/>\n<meta name=\"robots\" content=\"index, follow, max-snippet:-1, max-image-preview:large, max-video-preview:-1\" \/>\n<link rel=\"canonical\" href=\"https:\/\/erebia.ca\/en\/services\/project-design-and-analyses\/\" \/>\n<meta property=\"og:locale\" content=\"en_US\" \/>\n<meta property=\"og:type\" content=\"article\" \/>\n<meta property=\"og:title\" content=\"Conception de projets\/analyses-d\u00e9marrez sur une bonne base - \u00c9r\u00e9bia\" \/>\n<meta property=\"og:description\" content=\"Pour des projets de surveillance environnementale bas\u00e9s sur les connaissances ou sur une combinaison de connaissances scientifiques, locales et autochtones.\" \/>\n<meta property=\"og:url\" content=\"https:\/\/erebia.ca\/en\/services\/project-design-and-analyses\/\" \/>\n<meta property=\"og:site_name\" content=\"\u00c9r\u00e9bia\" \/>\n<meta property=\"article:modified_time\" content=\"2020-11-24T15:36:00+00:00\" \/>\n<meta name=\"twitter:card\" content=\"summary_large_image\" \/>\n<meta name=\"twitter:label1\" content=\"Est. reading time\" \/>\n\t<meta name=\"twitter:data1\" content=\"4 minutes\" \/>\n<script type=\"application\/ld+json\" class=\"yoast-schema-graph\">{\"@context\":\"https:\/\/schema.org\",\"@graph\":[{\"@type\":\"WebPage\",\"@id\":\"https:\/\/erebia.ca\/en\/services\/project-design-and-analyses\/\",\"url\":\"https:\/\/erebia.ca\/en\/services\/project-design-and-analyses\/\",\"name\":\"Conception de projets\/analyses-d\u00e9marrez sur une bonne base - \u00c9r\u00e9bia\",\"isPartOf\":{\"@id\":\"https:\/\/erebia.ca\/#website\"},\"datePublished\":\"2019-11-26T14:53:12+00:00\",\"dateModified\":\"2020-11-24T15:36:00+00:00\",\"description\":\"Pour des projets de surveillance environnementale bas\u00e9s sur les connaissances ou sur une combinaison de connaissances scientifiques, locales et autochtones.\",\"breadcrumb\":{\"@id\":\"https:\/\/erebia.ca\/en\/services\/project-design-and-analyses\/#breadcrumb\"},\"inLanguage\":\"en-US\",\"potentialAction\":[{\"@type\":\"ReadAction\",\"target\":[\"https:\/\/erebia.ca\/en\/services\/project-design-and-analyses\/\"]}]},{\"@type\":\"BreadcrumbList\",\"@id\":\"https:\/\/erebia.ca\/en\/services\/project-design-and-analyses\/#breadcrumb\",\"itemListElement\":[{\"@type\":\"ListItem\",\"position\":1,\"name\":\"Accueil\",\"item\":\"https:\/\/erebia.ca\/en\/\"},{\"@type\":\"ListItem\",\"position\":2,\"name\":\"Services\",\"item\":\"https:\/\/erebia.ca\/en\/services\/\"},{\"@type\":\"ListItem\",\"position\":3,\"name\":\"Project design and analyses\"}]},{\"@type\":\"WebSite\",\"@id\":\"https:\/\/erebia.ca\/#website\",\"url\":\"https:\/\/erebia.ca\/\",\"name\":\"\u00c9r\u00e9bia\",\"description\":\"\",\"potentialAction\":[{\"@type\":\"SearchAction\",\"target\":{\"@type\":\"EntryPoint\",\"urlTemplate\":\"https:\/\/erebia.ca\/?s={search_term_string}\"},\"query-input\":{\"@type\":\"PropertyValueSpecification\",\"valueRequired\":true,\"valueName\":\"search_term_string\"}}],\"inLanguage\":\"en-US\"}]}<\/script>\n<!-- \/ Yoast SEO plugin. -->","yoast_head_json":{"title":"Conception de projets\/analyses-d\u00e9marrez sur une bonne base - \u00c9r\u00e9bia","description":"Pour des projets de surveillance environnementale bas\u00e9s sur les connaissances ou sur une combinaison de connaissances scientifiques, locales et autochtones.","robots":{"index":"index","follow":"follow","max-snippet":"max-snippet:-1","max-image-preview":"max-image-preview:large","max-video-preview":"max-video-preview:-1"},"canonical":"https:\/\/erebia.ca\/en\/services\/project-design-and-analyses\/","og_locale":"en_US","og_type":"article","og_title":"Conception de projets\/analyses-d\u00e9marrez sur une bonne base - \u00c9r\u00e9bia","og_description":"Pour des projets de surveillance environnementale bas\u00e9s sur les connaissances ou sur une combinaison de connaissances scientifiques, locales et autochtones.","og_url":"https:\/\/erebia.ca\/en\/services\/project-design-and-analyses\/","og_site_name":"\u00c9r\u00e9bia","article_modified_time":"2020-11-24T15:36:00+00:00","twitter_card":"summary_large_image","twitter_misc":{"Est. reading time":"4 minutes"},"schema":{"@context":"https:\/\/schema.org","@graph":[{"@type":"WebPage","@id":"https:\/\/erebia.ca\/en\/services\/project-design-and-analyses\/","url":"https:\/\/erebia.ca\/en\/services\/project-design-and-analyses\/","name":"Conception de projets\/analyses-d\u00e9marrez sur une bonne base - \u00c9r\u00e9bia","isPartOf":{"@id":"https:\/\/erebia.ca\/#website"},"datePublished":"2019-11-26T14:53:12+00:00","dateModified":"2020-11-24T15:36:00+00:00","description":"Pour des projets de surveillance environnementale bas\u00e9s sur les connaissances ou sur une combinaison de connaissances scientifiques, locales et autochtones.","breadcrumb":{"@id":"https:\/\/erebia.ca\/en\/services\/project-design-and-analyses\/#breadcrumb"},"inLanguage":"en-US","potentialAction":[{"@type":"ReadAction","target":["https:\/\/erebia.ca\/en\/services\/project-design-and-analyses\/"]}]},{"@type":"BreadcrumbList","@id":"https:\/\/erebia.ca\/en\/services\/project-design-and-analyses\/#breadcrumb","itemListElement":[{"@type":"ListItem","position":1,"name":"Accueil","item":"https:\/\/erebia.ca\/en\/"},{"@type":"ListItem","position":2,"name":"Services","item":"https:\/\/erebia.ca\/en\/services\/"},{"@type":"ListItem","position":3,"name":"Project design and analyses"}]},{"@type":"WebSite","@id":"https:\/\/erebia.ca\/#website","url":"https:\/\/erebia.ca\/","name":"\u00c9r\u00e9bia","description":"","potentialAction":[{"@type":"SearchAction","target":{"@type":"EntryPoint","urlTemplate":"https:\/\/erebia.ca\/?s={search_term_string}"},"query-input":{"@type":"PropertyValueSpecification","valueRequired":true,"valueName":"search_term_string"}}],"inLanguage":"en-US"}]}},"_links":{"self":[{"href":"https:\/\/erebia.ca\/en\/wp-json\/wp\/v2\/pages\/26422","targetHints":{"allow":["GET"]}}],"collection":[{"href":"https:\/\/erebia.ca\/en\/wp-json\/wp\/v2\/pages"}],"about":[{"href":"https:\/\/erebia.ca\/en\/wp-json\/wp\/v2\/types\/page"}],"author":[{"embeddable":true,"href":"https:\/\/erebia.ca\/en\/wp-json\/wp\/v2\/users\/1"}],"replies":[{"embeddable":true,"href":"https:\/\/erebia.ca\/en\/wp-json\/wp\/v2\/comments?post=26422"}],"version-history":[{"count":6,"href":"https:\/\/erebia.ca\/en\/wp-json\/wp\/v2\/pages\/26422\/revisions"}],"predecessor-version":[{"id":26457,"href":"https:\/\/erebia.ca\/en\/wp-json\/wp\/v2\/pages\/26422\/revisions\/26457"}],"up":[{"embeddable":true,"href":"https:\/\/erebia.ca\/en\/wp-json\/wp\/v2\/pages\/26371"}],"wp:attachment":[{"href":"https:\/\/erebia.ca\/en\/wp-json\/wp\/v2\/media?parent=26422"}],"curies":[{"name":"wp","href":"https:\/\/api.w.org\/{rel}","templated":true}]}}