{"id":26416,"date":"2019-11-25T22:45:58","date_gmt":"2019-11-25T22:45:58","guid":{"rendered":"https:\/\/erebia.ca\/services\/accompagnement-organisationnel\/"},"modified":"2020-11-24T10:34:38","modified_gmt":"2020-11-24T15:34:38","slug":"organizational-support","status":"publish","type":"page","link":"https:\/\/erebia.ca\/en\/services\/organizational-support\/","title":{"rendered":"Organizational support"},"content":{"rendered":"<div class=\"wpb-content-wrapper\"><p>[vc_row css=\".vc_custom_1574369559754{margin-top: 0px !important;}\"][vc_column][vc_empty_space height=\"70\"][vc_column_text css_animation=\"none\"]<\/p>\n<h2 style=\"text-align: center;\">For BEST rEsuLts<\/h2>\n<p>\u00c9r\u00e9bia <span lang=\"EN-US\">supports Indigenous communities, organizations and individuals in their projects related to consultation, environmental monitoring and the collection of local and Indigenous knowledge<\/span>.[\/vc_column_text][vc_empty_space height=\"50\"][\/vc_column][\/vc_row][vc_row full_width=\"stretch_row_content\" gap=\"25\" content_placement=\"middle\" el_id=\"erebia_two_col_but_three\"][vc_column parallax=\"content-moving\" parallax_image=\"25281\" parallax_speed_bg=\"2\" css_animation=\"fadeInLeft\" width=\"1\/2\" css=\".vc_custom_1574782647245{margin-top: 0px !important;margin-right: 0px !important;margin-bottom: 0px !important;margin-left: 0px !important;border-top-width: 0px !important;border-right-width: 0px !important;border-bottom-width: 0px !important;border-left-width: 0px !important;padding-top: 0px !important;padding-bottom: 0px !important;}\"][vc_row_inner][vc_column_inner][vc_empty_space height=\"500\" el_class=\"two_third_space_mobile\"][\/vc_column_inner][\/vc_row_inner][\/vc_column][vc_column width=\"2\/6\"][vc_row_inner][vc_column_inner][vc_column_text css_animation=\"fadeInRight\"]<\/p>\n<h3>IN PARTNERSHIP WITH COMMUNITIEs<\/h3>\n<p>\u00c9r\u00e9bia <span lang=\"EN-US\">believes in projects based on true collaboration with communiti<\/span>es.[\/vc_column_text][\/vc_column_inner][\/vc_row_inner][\/vc_column][vc_column width=\"1\/6\" offset=\"vc_hidden-md vc_hidden-sm vc_hidden-xs\"][\/vc_column][\/vc_row][vc_row css=\".vc_custom_1574369559754{margin-top: 0px !important;}\"][vc_column][vc_empty_space height=\"50\"][vc_column_text css_animation=\"fadeInUp\"]<strong><b><span lang=\"EN-US\">Whether you are starting or ending a project, \u00c9r\u00e9bia can assist you regarding the following challenges<\/span><\/b> :<\/strong>[\/vc_column_text][vc_row_inner][vc_column_inner width=\"1\/2\"][vc_column_text css_animation=\"fadeInUp\"]<\/p>\n<ul>\n<li>Community mobilization and engagement<\/li>\n<li>Consultation<\/li>\n<li>Planning and conducting interviews<\/li>\n<li>Informed consent<\/li>\n<li>Confidentiality<\/li>\n<\/ul>\n<p>[\/vc_column_text][\/vc_column_inner][vc_column_inner width=\"1\/2\"][vc_column_text css_animation=\"fadeInUp\"]<\/p>\n<ul>\n<li>Intellectual property and data archival<\/li>\n<li>Data validation<\/li>\n<li>Communicating results to communities<\/li>\n<li>Establishing working groups and boards<\/li>\n<li>Knowledge transfer<\/li>\n<\/ul>\n<p>[\/vc_column_text][\/vc_column_inner][\/vc_row_inner][\/vc_column][\/vc_row][vc_row][vc_column][vc_empty_space height=\"50\"][vc_text_separator title=\"Other services\" css_animation=\"fadeInUp\"][vc_empty_space height=\"50\"][vc_row_inner][vc_column_inner width=\"1\/4\"][vc_single_image image=\"26342\" img_size=\"full\" alignment=\"center\" css_animation=\"fadeInLeft\"][\/vc_column_inner][vc_column_inner el_class=\"center_mobile\" width=\"3\/4\"][vc_column_text css_animation=\"fadeInRightBig\"]<\/p>\n<h3><a href=\"https:\/\/erebia.ca\/en\/services\/training\/\">TRAINING<\/a><\/h3>\n<p>\u00c9r\u00e9bia <span lang=\"EN-US\">designs and hosts training sessions for individuals and organizations. Training sessions aim at improving knowledge about indigenous realities, and foster respectful and adequate practices for individuals and organizations working with communities<\/span>.[\/vc_column_text][vc_empty_space height=\"20\"]<div class=\"gem-button-container gem-button-position-left thegem-button-69e902391ea752284    \"  ><a title=\"Formation et atelier\" class=\"gem-button gem-button-size-medium gem-button-style-flat gem-button-text-weight-thin\" data-ll-effect=\"drop-right-without-wrap\" style=\"border-radius: 3px;\" onmouseleave=\"\" onmouseenter=\"\" href=\"https:\/\/erebia.ca\/en\/services\/training\/\" target=\"_self\">Learn more<\/a><\/div> [\/vc_column_inner][\/vc_row_inner][vc_empty_space height=\"50\"][vc_row_inner][vc_column_inner width=\"1\/4\"][vc_single_image image=\"25518\" img_size=\"full\" alignment=\"center\" css_animation=\"fadeInLeft\"][\/vc_column_inner][vc_column_inner el_class=\"center_mobile\" width=\"3\/4\"][vc_column_text css_animation=\"fadeInRightBig\"]<\/p>\n<h3><a href=\"\/?page_id=25571\">projeCt DESIGN AND analyses<\/a><\/h3>\n<p>\u00c9r\u00e9bia <span lang=\"EN-US\">designs and elaborates environmental monitoring programs based on local and Indigenous knowledge, or a combination of scientific, local and Indigenous knowledge.<\/span>[\/vc_column_text][vc_empty_space height=\"20\"]<div class=\"gem-button-container gem-button-position-left thegem-button-69e902391eb5a3500    \"  ><a title=\"Conception de projets et analyses\" class=\"gem-button gem-button-size-medium gem-button-style-flat gem-button-text-weight-thin\" data-ll-effect=\"drop-right-without-wrap\" style=\"border-radius: 3px;\" onmouseleave=\"\" onmouseenter=\"\" href=\"https:\/\/erebia.ca\/en\/services\/project-design-and-analyses\/\" target=\"_self\">Learn more<\/a><\/div> [\/vc_column_inner][\/vc_row_inner][vc_empty_space height=\"70\"][\/vc_column][\/vc_row][vc_row full_width=\"stretch_row\" content_placement=\"middle\" css=\".vc_custom_1574792979732{margin-top: 0px !important;margin-bottom: 0px !important;background-color: #e6ecf0 !important;}\" el_id=\"erebia_call_action\"][vc_column]<div class=\"clearboth\"><\/div><style>#thegem-divider-69e902391ebb9 {margin-top: 70px !important;}<\/style><div id=\"thegem-divider-69e902391ebb9\" class=\"gem-divider  \" style=\"\" ><\/div>[vc_row_inner content_placement=\"top\"][vc_column_inner width=\"2\/3\"][vc_column_text css_animation=\"fadeInLeftBig\"]<\/p>\n<h3>YOU NEED SUPPORT FOR YOUR PROJECTS, contact-us!<\/h3>\n<p>[\/vc_column_text][\/vc_column_inner][vc_column_inner width=\"1\/3\"]<div class=\"gem-button-container gem-button-position-center thegem-button-69e902391ec516137    \"  ><a title=\"Contact\" class=\"gem-button gem-button-size-medium gem-button-style-flat gem-button-text-weight-thin\" data-ll-effect=\"drop-right-without-wrap\" style=\"border-radius: 3px;\" onmouseleave=\"\" onmouseenter=\"\" href=\"https:\/\/erebia.ca\/en\/contact\/\" target=\"_self\">Contact<\/a><\/div> [\/vc_column_inner][\/vc_row_inner]<div class=\"clearboth\"><\/div><style>#thegem-divider-69e902391eca1 {margin-top: 70px !important;}<\/style><div id=\"thegem-divider-69e902391eca1\" class=\"gem-divider  \" style=\"\" ><\/div>[\/vc_column][\/vc_row]<\/p>\n<\/div>","protected":false},"excerpt":{"rendered":"<p>[vc_row css=&#8221;.vc_custom_1574369559754{margin-top: 0px !important;}&#8221;][vc_column][vc_empty_space height=&#8221;70&#8243;][vc_column_text css_animation=&#8221;none&#8221;] For BEST rEsuLts \u00c9r\u00e9bia supports Indigenous communities, organizations and individuals in their projects related&#8230;<\/p>\n","protected":false},"author":1,"featured_media":0,"parent":26371,"menu_order":1,"comment_status":"closed","ping_status":"closed","template":"","meta":{"footnotes":""},"class_list":["post-26416","page","type-page","status-publish"],"yoast_head":"<!-- This site is optimized with the Yoast SEO plugin v26.8 - https:\/\/yoast.com\/product\/yoast-seo-wordpress\/ -->\n<title>Accompagnement organisationnel pour de meilleurs r\u00e9sultats - \u00c9r\u00e9bia<\/title>\n<meta name=\"description\" content=\"\u00c9r\u00e9bia vous accompagne dans les projets en lien avec la consultation, la surveillance environnementale et la collecte de savoirs locaux et autochtones.\" \/>\n<meta name=\"robots\" content=\"index, follow, max-snippet:-1, max-image-preview:large, max-video-preview:-1\" \/>\n<link rel=\"canonical\" href=\"https:\/\/erebia.ca\/en\/services\/organizational-support\/\" \/>\n<meta property=\"og:locale\" content=\"en_US\" \/>\n<meta property=\"og:type\" content=\"article\" \/>\n<meta property=\"og:title\" content=\"Accompagnement organisationnel pour de meilleurs r\u00e9sultats - \u00c9r\u00e9bia\" \/>\n<meta property=\"og:description\" content=\"\u00c9r\u00e9bia vous accompagne dans les projets en lien avec la consultation, la surveillance environnementale et la collecte de savoirs locaux et autochtones.\" \/>\n<meta property=\"og:url\" content=\"https:\/\/erebia.ca\/en\/services\/organizational-support\/\" \/>\n<meta property=\"og:site_name\" content=\"\u00c9r\u00e9bia\" \/>\n<meta property=\"article:modified_time\" content=\"2020-11-24T15:34:38+00:00\" \/>\n<meta name=\"twitter:card\" content=\"summary_large_image\" \/>\n<meta name=\"twitter:label1\" content=\"Est. reading time\" \/>\n\t<meta name=\"twitter:data1\" content=\"3 minutes\" \/>\n<script type=\"application\/ld+json\" class=\"yoast-schema-graph\">{\"@context\":\"https:\/\/schema.org\",\"@graph\":[{\"@type\":\"WebPage\",\"@id\":\"https:\/\/erebia.ca\/en\/services\/organizational-support\/\",\"url\":\"https:\/\/erebia.ca\/en\/services\/organizational-support\/\",\"name\":\"Accompagnement organisationnel pour de meilleurs r\u00e9sultats - \u00c9r\u00e9bia\",\"isPartOf\":{\"@id\":\"https:\/\/erebia.ca\/#website\"},\"datePublished\":\"2019-11-25T22:45:58+00:00\",\"dateModified\":\"2020-11-24T15:34:38+00:00\",\"description\":\"\u00c9r\u00e9bia vous accompagne dans les projets en lien avec la consultation, la surveillance environnementale et la collecte de savoirs locaux et autochtones.\",\"breadcrumb\":{\"@id\":\"https:\/\/erebia.ca\/en\/services\/organizational-support\/#breadcrumb\"},\"inLanguage\":\"en-US\",\"potentialAction\":[{\"@type\":\"ReadAction\",\"target\":[\"https:\/\/erebia.ca\/en\/services\/organizational-support\/\"]}]},{\"@type\":\"BreadcrumbList\",\"@id\":\"https:\/\/erebia.ca\/en\/services\/organizational-support\/#breadcrumb\",\"itemListElement\":[{\"@type\":\"ListItem\",\"position\":1,\"name\":\"Accueil\",\"item\":\"https:\/\/erebia.ca\/en\/\"},{\"@type\":\"ListItem\",\"position\":2,\"name\":\"Services\",\"item\":\"https:\/\/erebia.ca\/en\/services\/\"},{\"@type\":\"ListItem\",\"position\":3,\"name\":\"Organizational support\"}]},{\"@type\":\"WebSite\",\"@id\":\"https:\/\/erebia.ca\/#website\",\"url\":\"https:\/\/erebia.ca\/\",\"name\":\"\u00c9r\u00e9bia\",\"description\":\"\",\"potentialAction\":[{\"@type\":\"SearchAction\",\"target\":{\"@type\":\"EntryPoint\",\"urlTemplate\":\"https:\/\/erebia.ca\/?s={search_term_string}\"},\"query-input\":{\"@type\":\"PropertyValueSpecification\",\"valueRequired\":true,\"valueName\":\"search_term_string\"}}],\"inLanguage\":\"en-US\"}]}<\/script>\n<!-- \/ Yoast SEO plugin. -->","yoast_head_json":{"title":"Accompagnement organisationnel pour de meilleurs r\u00e9sultats - \u00c9r\u00e9bia","description":"\u00c9r\u00e9bia vous accompagne dans les projets en lien avec la consultation, la surveillance environnementale et la collecte de savoirs locaux et autochtones.","robots":{"index":"index","follow":"follow","max-snippet":"max-snippet:-1","max-image-preview":"max-image-preview:large","max-video-preview":"max-video-preview:-1"},"canonical":"https:\/\/erebia.ca\/en\/services\/organizational-support\/","og_locale":"en_US","og_type":"article","og_title":"Accompagnement organisationnel pour de meilleurs r\u00e9sultats - \u00c9r\u00e9bia","og_description":"\u00c9r\u00e9bia vous accompagne dans les projets en lien avec la consultation, la surveillance environnementale et la collecte de savoirs locaux et autochtones.","og_url":"https:\/\/erebia.ca\/en\/services\/organizational-support\/","og_site_name":"\u00c9r\u00e9bia","article_modified_time":"2020-11-24T15:34:38+00:00","twitter_card":"summary_large_image","twitter_misc":{"Est. reading time":"3 minutes"},"schema":{"@context":"https:\/\/schema.org","@graph":[{"@type":"WebPage","@id":"https:\/\/erebia.ca\/en\/services\/organizational-support\/","url":"https:\/\/erebia.ca\/en\/services\/organizational-support\/","name":"Accompagnement organisationnel pour de meilleurs r\u00e9sultats - \u00c9r\u00e9bia","isPartOf":{"@id":"https:\/\/erebia.ca\/#website"},"datePublished":"2019-11-25T22:45:58+00:00","dateModified":"2020-11-24T15:34:38+00:00","description":"\u00c9r\u00e9bia vous accompagne dans les projets en lien avec la consultation, la surveillance environnementale et la collecte de savoirs locaux et autochtones.","breadcrumb":{"@id":"https:\/\/erebia.ca\/en\/services\/organizational-support\/#breadcrumb"},"inLanguage":"en-US","potentialAction":[{"@type":"ReadAction","target":["https:\/\/erebia.ca\/en\/services\/organizational-support\/"]}]},{"@type":"BreadcrumbList","@id":"https:\/\/erebia.ca\/en\/services\/organizational-support\/#breadcrumb","itemListElement":[{"@type":"ListItem","position":1,"name":"Accueil","item":"https:\/\/erebia.ca\/en\/"},{"@type":"ListItem","position":2,"name":"Services","item":"https:\/\/erebia.ca\/en\/services\/"},{"@type":"ListItem","position":3,"name":"Organizational support"}]},{"@type":"WebSite","@id":"https:\/\/erebia.ca\/#website","url":"https:\/\/erebia.ca\/","name":"\u00c9r\u00e9bia","description":"","potentialAction":[{"@type":"SearchAction","target":{"@type":"EntryPoint","urlTemplate":"https:\/\/erebia.ca\/?s={search_term_string}"},"query-input":{"@type":"PropertyValueSpecification","valueRequired":true,"valueName":"search_term_string"}}],"inLanguage":"en-US"}]}},"_links":{"self":[{"href":"https:\/\/erebia.ca\/en\/wp-json\/wp\/v2\/pages\/26416","targetHints":{"allow":["GET"]}}],"collection":[{"href":"https:\/\/erebia.ca\/en\/wp-json\/wp\/v2\/pages"}],"about":[{"href":"https:\/\/erebia.ca\/en\/wp-json\/wp\/v2\/types\/page"}],"author":[{"embeddable":true,"href":"https:\/\/erebia.ca\/en\/wp-json\/wp\/v2\/users\/1"}],"replies":[{"embeddable":true,"href":"https:\/\/erebia.ca\/en\/wp-json\/wp\/v2\/comments?post=26416"}],"version-history":[{"count":5,"href":"https:\/\/erebia.ca\/en\/wp-json\/wp\/v2\/pages\/26416\/revisions"}],"predecessor-version":[{"id":26456,"href":"https:\/\/erebia.ca\/en\/wp-json\/wp\/v2\/pages\/26416\/revisions\/26456"}],"up":[{"embeddable":true,"href":"https:\/\/erebia.ca\/en\/wp-json\/wp\/v2\/pages\/26371"}],"wp:attachment":[{"href":"https:\/\/erebia.ca\/en\/wp-json\/wp\/v2\/media?parent=26416"}],"curies":[{"name":"wp","href":"https:\/\/api.w.org\/{rel}","templated":true}]}}