{"id":26397,"date":"2019-11-21T21:38:43","date_gmt":"2019-11-21T21:38:43","guid":{"rendered":"https:\/\/erebia.ca\/services\/formation-et-atelier\/"},"modified":"2020-11-24T10:33:03","modified_gmt":"2020-11-24T15:33:03","slug":"training","status":"publish","type":"page","link":"https:\/\/erebia.ca\/en\/services\/training\/","title":{"rendered":"Training"},"content":{"rendered":"<div class=\"wpb-content-wrapper\"><p>[vc_row css=\".vc_custom_1574369559754{margin-top: 0px !important;}\"][vc_column][vc_empty_space height=\"70\"][vc_column_text css_animation=\"none\"]<\/p>\n<h2 style=\"text-align: center;\">Be aware of indigenous realities<\/h2>\n<p>\u00c9r\u00e9bia developed training sessions and workshops that allow individuals and organizations to acquire knowledge about indigenous realities, and to develop skills and tools to adopt appropriate practices when working with communities.[\/vc_column_text][vc_empty_space height=\"50\"][\/vc_column][\/vc_row][vc_row full_width=\"stretch_row_content\" gap=\"25\" content_placement=\"middle\" el_id=\"erebia_two_col_but_three\"][vc_column parallax=\"content-moving\" parallax_image=\"25282\" parallax_speed_bg=\"2\" width=\"1\/2\" css=\".vc_custom_1574438495635{margin-top: 0px !important;margin-right: 0px !important;margin-bottom: 0px !important;margin-left: 0px !important;border-top-width: 0px !important;border-right-width: 0px !important;border-bottom-width: 0px !important;border-left-width: 0px !important;padding-top: 0px !important;padding-bottom: 0px !important;}\"][vc_row_inner][vc_column_inner][vc_empty_space height=\"500\" el_class=\"two_third_space_mobile\"][\/vc_column_inner][\/vc_row_inner][\/vc_column][vc_column width=\"2\/6\"][vc_row_inner][vc_column_inner][vc_column_text css_animation=\"fadeInRight\"]<\/p>\n<h3>A solid expertise<\/h3>\n<p><span lang=\"EN-US\">\u00c9r\u00e9bia owns a broad expertise about the history of relationships between Indigenous Peoples and non-Indigenous Peoples in Canada. \u00c9r\u00e9bia also holds hands-on experience in community-based research involving local and Indigenous knowledge<\/span>s.[\/vc_column_text][\/vc_column_inner][\/vc_row_inner][\/vc_column][vc_column width=\"1\/6\" offset=\"vc_hidden-md vc_hidden-sm vc_hidden-xs\"][\/vc_column][\/vc_row][vc_row css=\".vc_custom_1574369559754{margin-top: 0px !important;}\"][vc_column][vc_empty_space height=\"50\"][vc_column_text css_animation=\"fadeInUp\"]<\/p>\n<h3>TRAINING COURSES<\/h3>\n<p><span lang=\"EN-US\">We recently developed the following three courses to address the challenges faced by many of our clients. Click on the course title to learn more<\/span><span lang=\"EN-US\">:<\/span><\/p>\n<p><span lang=\"EN-US\">\u00a0<\/span><\/p>\n<ul>\n<li><a href=\"https:\/\/erebia.ca\/wp-content\/uploads\/2020\/11\/Training_\u00c9r\u00e9bia_Indigenous-realities_eng.pdf\" target=\"_blank\" rel=\"noopener noreferrer\"><strong>INDIGENOUS REALITIES: AN HISTORICAL PERSPECTIVE<\/strong><\/a><\/li>\n<\/ul>\n<p>&nbsp;<\/p>\n<ul>\n<li><a href=\"https:\/\/erebia.ca\/wp-content\/uploads\/2020\/11\/Training_\u00c9r\u00e9bia_collaborative-research_eng-1.pdf\" target=\"_blank\" rel=\"noopener noreferrer\"><b><span lang=\"EN-US\">VARIOUS ASPECTS OF COLLABORATIVE RESEARCH AND BRIDGING INDIGENOUS AND SCIENTIFIC KNOWLEDGE<\/span><\/b><\/a><\/li>\n<\/ul>\n<p>&nbsp;<\/p>\n<ul>\n<li><a href=\"https:\/\/erebia.ca\/wp-content\/uploads\/2020\/11\/Training_\u00c9r\u00e9bia_Research-principles_eng.pdf\" target=\"_blank\" rel=\"noopener noreferrer\"><strong>P<b><span lang=\"EN-US\">RINCIPLES OF RESEARCH IN INDIGENOUS CONTEXT: STEPPING STONES TO ESTABLISH ETHICAL COLLABORATIONS<\/span><\/b><\/strong><\/a><\/li>\n<\/ul>\n<p>&nbsp;<\/p>\n<p><span style=\"color: #3c3950; font-family: Cardo; font-size: 29px; letter-spacing: 0.05em; text-transform: uppercase;\">CUSTOM TRAINING<\/span><\/p>\n<p><span lang=\"EN-US\">According to your interests and needs, \u00c9r\u00e9bia can design custom-made training sessions for the purposes of improving skills and knowledge that suit your context<\/span>.[\/vc_column_text][vc_empty_space height=\"50\"][\/vc_column][\/vc_row][vc_row][vc_column][vc_text_separator title=\"Other services\" css_animation=\"fadeInUp\"][vc_empty_space height=\"50\"][vc_row_inner][vc_column_inner width=\"1\/4\"][vc_single_image image=\"25519\" img_size=\"full\" alignment=\"center\" css_animation=\"fadeInLeft\"][\/vc_column_inner][vc_column_inner el_class=\"center_mobile\" width=\"3\/4\"][vc_column_text css_animation=\"fadeInRightBig\"]<\/p>\n<h3><a href=\"\/?page_id=25570\">ORGANIZATIONAL SUPPORT<\/a><\/h3>\n<p><span lang=\"EN-US\">You are an Indigenous community or you work in collaboration with communities, \u00c9r\u00e9bia can provide support for your projects related to consultation, environmental monitoring or the collection of local and Indigenous knowledge<\/span>.[\/vc_column_text][vc_empty_space height=\"20\"]<div class=\"gem-button-container gem-button-position-left thegem-button-69d41e44242db8274    \"  ><a title=\"Organizational support\" class=\"gem-button gem-button-size-medium gem-button-style-flat gem-button-text-weight-thin\" data-ll-effect=\"drop-right-without-wrap\" style=\"border-radius: 3px;\" onmouseleave=\"\" onmouseenter=\"\" href=\"https:\/\/erebia.ca\/en\/services\/organizational-support\/\" target=\"_self\">Learn more<\/a><\/div> [\/vc_column_inner][\/vc_row_inner][vc_empty_space height=\"50\"][vc_row_inner][vc_column_inner width=\"1\/4\"][vc_single_image image=\"25518\" img_size=\"full\" alignment=\"center\" css_animation=\"fadeInLeft\"][\/vc_column_inner][vc_column_inner el_class=\"center_mobile\" width=\"3\/4\"][vc_column_text css_animation=\"fadeInRightBig\"]<\/p>\n<h3><a href=\"\/?page_id=25571\">PROJECT DESIGN AND analyses<\/a><\/h3>\n<p><span lang=\"EN-US\">\u00c9r\u00e9bia designs and elaborates environmental monitoring programs based on local and Indigenous knowledge, or a combination of scientific, local and Indigenous knowledge<\/span>s.[\/vc_column_text][vc_empty_space height=\"20\"]<div class=\"gem-button-container gem-button-position-left thegem-button-69d41e442447d5305    \"  ><a title=\"Conception de projets et analyses\" class=\"gem-button gem-button-size-medium gem-button-style-flat gem-button-text-weight-thin\" data-ll-effect=\"drop-right-without-wrap\" style=\"border-radius: 3px;\" onmouseleave=\"\" onmouseenter=\"\" href=\"https:\/\/erebia.ca\/en\/services\/project-design-and-analyses\/\" target=\"_self\">Learn more<\/a><\/div> [\/vc_column_inner][\/vc_row_inner][vc_empty_space height=\"70\"][\/vc_column][\/vc_row][vc_row full_width=\"stretch_row\" content_placement=\"middle\" css=\".vc_custom_1574793026114{margin-top: 0px !important;margin-bottom: 0px !important;background-color: #e6ecf0 !important;}\" el_id=\"erebia_call_action\"][vc_column]<div class=\"clearboth\"><\/div><style>#thegem-divider-69d41e4424526 {margin-top: 70px !important;}<\/style><div id=\"thegem-divider-69d41e4424526\" class=\"gem-divider  \" style=\"\" ><\/div>[vc_row_inner content_placement=\"top\"][vc_column_inner width=\"2\/3\"][vc_column_text css_animation=\"fadeInLeftBig\"]<\/p>\n<h3>TO IMPROVE YOUR KNOWLEDGE AND SKILLS, CONTACT US!<\/h3>\n<p>[\/vc_column_text][\/vc_column_inner][vc_column_inner width=\"1\/3\"]<div class=\"gem-button-container gem-button-position-center thegem-button-69d41e44245d51157    \"  ><a title=\"\u00c0 propos\" class=\"gem-button gem-button-size-medium gem-button-style-flat gem-button-text-weight-thin\" data-ll-effect=\"drop-right-without-wrap\" style=\"border-radius: 3px;\" onmouseleave=\"\" onmouseenter=\"\" href=\"https:\/\/erebia.ca\/en\/contact\/\" target=\"_self\">Contact<\/a><\/div> [\/vc_column_inner][\/vc_row_inner]<div class=\"clearboth\"><\/div><style>#thegem-divider-69d41e4424620 {margin-top: 70px !important;}<\/style><div id=\"thegem-divider-69d41e4424620\" class=\"gem-divider  \" style=\"\" ><\/div>[\/vc_column][\/vc_row]<\/p>\n<\/div>","protected":false},"excerpt":{"rendered":"<p>[vc_row css=&#8221;.vc_custom_1574369559754{margin-top: 0px !important;}&#8221;][vc_column][vc_empty_space height=&#8221;70&#8243;][vc_column_text css_animation=&#8221;none&#8221;] Be aware of indigenous realities \u00c9r\u00e9bia developed training sessions and workshops that allow individuals&#8230;<\/p>\n","protected":false},"author":1,"featured_media":26270,"parent":26371,"menu_order":0,"comment_status":"closed","ping_status":"closed","template":"","meta":{"footnotes":""},"class_list":["post-26397","page","type-page","status-publish","has-post-thumbnail"],"yoast_head":"<!-- This site is optimized with the Yoast SEO plugin v26.8 - https:\/\/yoast.com\/product\/yoast-seo-wordpress\/ -->\n<title>Formation, atelier pour conna\u00eetre les r\u00e9alit\u00e9s autochtones - \u00c9r\u00e9bia<\/title>\n<meta name=\"description\" content=\"Nos formations permettent d&#039;acqu\u00e9rir des connaissances et des outils afin d&#039;adopter de bonnes pratiques dans le travail avec les communaut\u00e9s autochtones.\" \/>\n<meta name=\"robots\" content=\"index, follow, max-snippet:-1, max-image-preview:large, max-video-preview:-1\" \/>\n<link rel=\"canonical\" href=\"https:\/\/erebia.ca\/en\/services\/training\/\" \/>\n<meta property=\"og:locale\" content=\"en_US\" \/>\n<meta property=\"og:type\" content=\"article\" \/>\n<meta property=\"og:title\" content=\"Formation, atelier pour conna\u00eetre les r\u00e9alit\u00e9s autochtones - \u00c9r\u00e9bia\" \/>\n<meta property=\"og:description\" content=\"Nos formations permettent d&#039;acqu\u00e9rir des connaissances et des outils afin d&#039;adopter de bonnes pratiques dans le travail avec les communaut\u00e9s autochtones.\" \/>\n<meta property=\"og:url\" content=\"https:\/\/erebia.ca\/en\/services\/training\/\" \/>\n<meta property=\"og:site_name\" content=\"\u00c9r\u00e9bia\" \/>\n<meta property=\"article:modified_time\" content=\"2020-11-24T15:33:03+00:00\" \/>\n<meta property=\"og:image\" content=\"https:\/\/erebia.ca\/wp-content\/uploads\/2019\/11\/erebia-environnement-autochtone5.jpg\" \/>\n\t<meta property=\"og:image:width\" content=\"2000\" \/>\n\t<meta property=\"og:image:height\" content=\"1334\" \/>\n\t<meta property=\"og:image:type\" content=\"image\/jpeg\" \/>\n<meta name=\"twitter:card\" content=\"summary_large_image\" \/>\n<meta name=\"twitter:label1\" content=\"Est. reading time\" \/>\n\t<meta name=\"twitter:data1\" content=\"4 minutes\" \/>\n<script type=\"application\/ld+json\" class=\"yoast-schema-graph\">{\"@context\":\"https:\/\/schema.org\",\"@graph\":[{\"@type\":\"WebPage\",\"@id\":\"https:\/\/erebia.ca\/en\/services\/training\/\",\"url\":\"https:\/\/erebia.ca\/en\/services\/training\/\",\"name\":\"Formation, atelier pour conna\u00eetre les r\u00e9alit\u00e9s autochtones - \u00c9r\u00e9bia\",\"isPartOf\":{\"@id\":\"https:\/\/erebia.ca\/#website\"},\"primaryImageOfPage\":{\"@id\":\"https:\/\/erebia.ca\/en\/services\/training\/#primaryimage\"},\"image\":{\"@id\":\"https:\/\/erebia.ca\/en\/services\/training\/#primaryimage\"},\"thumbnailUrl\":\"https:\/\/erebia.ca\/wp-content\/uploads\/2019\/11\/erebia-environnement-autochtone5.jpg\",\"datePublished\":\"2019-11-21T21:38:43+00:00\",\"dateModified\":\"2020-11-24T15:33:03+00:00\",\"description\":\"Nos formations permettent d'acqu\u00e9rir des connaissances et des outils afin d'adopter de bonnes pratiques dans le travail avec les communaut\u00e9s autochtones.\",\"breadcrumb\":{\"@id\":\"https:\/\/erebia.ca\/en\/services\/training\/#breadcrumb\"},\"inLanguage\":\"en-US\",\"potentialAction\":[{\"@type\":\"ReadAction\",\"target\":[\"https:\/\/erebia.ca\/en\/services\/training\/\"]}]},{\"@type\":\"ImageObject\",\"inLanguage\":\"en-US\",\"@id\":\"https:\/\/erebia.ca\/en\/services\/training\/#primaryimage\",\"url\":\"https:\/\/erebia.ca\/wp-content\/uploads\/2019\/11\/erebia-environnement-autochtone5.jpg\",\"contentUrl\":\"https:\/\/erebia.ca\/wp-content\/uploads\/2019\/11\/erebia-environnement-autochtone5.jpg\",\"width\":2000,\"height\":1334},{\"@type\":\"BreadcrumbList\",\"@id\":\"https:\/\/erebia.ca\/en\/services\/training\/#breadcrumb\",\"itemListElement\":[{\"@type\":\"ListItem\",\"position\":1,\"name\":\"Accueil\",\"item\":\"https:\/\/erebia.ca\/en\/\"},{\"@type\":\"ListItem\",\"position\":2,\"name\":\"Services\",\"item\":\"https:\/\/erebia.ca\/en\/services\/\"},{\"@type\":\"ListItem\",\"position\":3,\"name\":\"Training\"}]},{\"@type\":\"WebSite\",\"@id\":\"https:\/\/erebia.ca\/#website\",\"url\":\"https:\/\/erebia.ca\/\",\"name\":\"\u00c9r\u00e9bia\",\"description\":\"\",\"potentialAction\":[{\"@type\":\"SearchAction\",\"target\":{\"@type\":\"EntryPoint\",\"urlTemplate\":\"https:\/\/erebia.ca\/?s={search_term_string}\"},\"query-input\":{\"@type\":\"PropertyValueSpecification\",\"valueRequired\":true,\"valueName\":\"search_term_string\"}}],\"inLanguage\":\"en-US\"}]}<\/script>\n<!-- \/ Yoast SEO plugin. -->","yoast_head_json":{"title":"Formation, atelier pour conna\u00eetre les r\u00e9alit\u00e9s autochtones - \u00c9r\u00e9bia","description":"Nos formations permettent d'acqu\u00e9rir des connaissances et des outils afin d'adopter de bonnes pratiques dans le travail avec les communaut\u00e9s autochtones.","robots":{"index":"index","follow":"follow","max-snippet":"max-snippet:-1","max-image-preview":"max-image-preview:large","max-video-preview":"max-video-preview:-1"},"canonical":"https:\/\/erebia.ca\/en\/services\/training\/","og_locale":"en_US","og_type":"article","og_title":"Formation, atelier pour conna\u00eetre les r\u00e9alit\u00e9s autochtones - \u00c9r\u00e9bia","og_description":"Nos formations permettent d'acqu\u00e9rir des connaissances et des outils afin d'adopter de bonnes pratiques dans le travail avec les communaut\u00e9s autochtones.","og_url":"https:\/\/erebia.ca\/en\/services\/training\/","og_site_name":"\u00c9r\u00e9bia","article_modified_time":"2020-11-24T15:33:03+00:00","og_image":[{"width":2000,"height":1334,"url":"https:\/\/erebia.ca\/wp-content\/uploads\/2019\/11\/erebia-environnement-autochtone5.jpg","type":"image\/jpeg"}],"twitter_card":"summary_large_image","twitter_misc":{"Est. reading time":"4 minutes"},"schema":{"@context":"https:\/\/schema.org","@graph":[{"@type":"WebPage","@id":"https:\/\/erebia.ca\/en\/services\/training\/","url":"https:\/\/erebia.ca\/en\/services\/training\/","name":"Formation, atelier pour conna\u00eetre les r\u00e9alit\u00e9s autochtones - \u00c9r\u00e9bia","isPartOf":{"@id":"https:\/\/erebia.ca\/#website"},"primaryImageOfPage":{"@id":"https:\/\/erebia.ca\/en\/services\/training\/#primaryimage"},"image":{"@id":"https:\/\/erebia.ca\/en\/services\/training\/#primaryimage"},"thumbnailUrl":"https:\/\/erebia.ca\/wp-content\/uploads\/2019\/11\/erebia-environnement-autochtone5.jpg","datePublished":"2019-11-21T21:38:43+00:00","dateModified":"2020-11-24T15:33:03+00:00","description":"Nos formations permettent d'acqu\u00e9rir des connaissances et des outils afin d'adopter de bonnes pratiques dans le travail avec les communaut\u00e9s autochtones.","breadcrumb":{"@id":"https:\/\/erebia.ca\/en\/services\/training\/#breadcrumb"},"inLanguage":"en-US","potentialAction":[{"@type":"ReadAction","target":["https:\/\/erebia.ca\/en\/services\/training\/"]}]},{"@type":"ImageObject","inLanguage":"en-US","@id":"https:\/\/erebia.ca\/en\/services\/training\/#primaryimage","url":"https:\/\/erebia.ca\/wp-content\/uploads\/2019\/11\/erebia-environnement-autochtone5.jpg","contentUrl":"https:\/\/erebia.ca\/wp-content\/uploads\/2019\/11\/erebia-environnement-autochtone5.jpg","width":2000,"height":1334},{"@type":"BreadcrumbList","@id":"https:\/\/erebia.ca\/en\/services\/training\/#breadcrumb","itemListElement":[{"@type":"ListItem","position":1,"name":"Accueil","item":"https:\/\/erebia.ca\/en\/"},{"@type":"ListItem","position":2,"name":"Services","item":"https:\/\/erebia.ca\/en\/services\/"},{"@type":"ListItem","position":3,"name":"Training"}]},{"@type":"WebSite","@id":"https:\/\/erebia.ca\/#website","url":"https:\/\/erebia.ca\/","name":"\u00c9r\u00e9bia","description":"","potentialAction":[{"@type":"SearchAction","target":{"@type":"EntryPoint","urlTemplate":"https:\/\/erebia.ca\/?s={search_term_string}"},"query-input":{"@type":"PropertyValueSpecification","valueRequired":true,"valueName":"search_term_string"}}],"inLanguage":"en-US"}]}},"_links":{"self":[{"href":"https:\/\/erebia.ca\/en\/wp-json\/wp\/v2\/pages\/26397","targetHints":{"allow":["GET"]}}],"collection":[{"href":"https:\/\/erebia.ca\/en\/wp-json\/wp\/v2\/pages"}],"about":[{"href":"https:\/\/erebia.ca\/en\/wp-json\/wp\/v2\/types\/page"}],"author":[{"embeddable":true,"href":"https:\/\/erebia.ca\/en\/wp-json\/wp\/v2\/users\/1"}],"replies":[{"embeddable":true,"href":"https:\/\/erebia.ca\/en\/wp-json\/wp\/v2\/comments?post=26397"}],"version-history":[{"count":11,"href":"https:\/\/erebia.ca\/en\/wp-json\/wp\/v2\/pages\/26397\/revisions"}],"predecessor-version":[{"id":26455,"href":"https:\/\/erebia.ca\/en\/wp-json\/wp\/v2\/pages\/26397\/revisions\/26455"}],"up":[{"embeddable":true,"href":"https:\/\/erebia.ca\/en\/wp-json\/wp\/v2\/pages\/26371"}],"wp:featuredmedia":[{"embeddable":true,"href":"https:\/\/erebia.ca\/en\/wp-json\/wp\/v2\/media\/26270"}],"wp:attachment":[{"href":"https:\/\/erebia.ca\/en\/wp-json\/wp\/v2\/media?parent=26397"}],"curies":[{"name":"wp","href":"https:\/\/api.w.org\/{rel}","templated":true}]}}