{"id":26371,"date":"2019-11-07T14:36:36","date_gmt":"2019-11-07T14:36:36","guid":{"rendered":"https:\/\/erebia.ca\/services\/"},"modified":"2020-11-24T10:28:12","modified_gmt":"2020-11-24T15:28:12","slug":"services","status":"publish","type":"page","link":"https:\/\/erebia.ca\/en\/services\/","title":{"rendered":"Services"},"content":{"rendered":"<div class=\"wpb-content-wrapper\"><p>[vc_row css=\".vc_custom_1574369559754{margin-top: 0px !important;}\"][vc_column][vc_empty_space height=\"70\"][vc_column_text css_animation=\"none\"]<\/p>\n<h2 style=\"text-align: center;\">ALONG WITH INDIGENOUS COMMUNITIEs<\/h2>\n<p><strong>Our expertise\u00a0:<\/strong> <span lang=\"EN-US\">working for and with Indigenous communities to respectfully mobilize their knowledge about the environment, and collaborate for a sustainable future for all<\/span>.<\/p>\n<p><strong>\u00c9r\u00e9bia <span lang=\"EN-US\">supports your efforts to<\/span>\u00a0:<\/strong><\/p>\n<ul>\n<li><strong>mobilize<\/strong>\u00a0<span lang=\"EN-US\">knowledge in your communities<\/span>,<\/li>\n<li><strong>develop<\/strong>\u00a0<span lang=\"EN-US\">significant collaborations with communitie<\/span>s,<\/li>\n<li><strong>improve<\/strong>\u00a0<span lang=\"EN-US\">your awareness of indigenous realitie<\/span>s.<\/li>\n<\/ul>\n<p>[\/vc_column_text][vc_empty_space height=\"50\"][vc_separator css_animation=\"fadeInUp\"][\/vc_column][\/vc_row][vc_row][vc_column][vc_empty_space height=\"50\"][vc_row_inner][vc_column_inner width=\"1\/4\"][vc_single_image image=\"26342\" img_size=\"full\" alignment=\"center\" css_animation=\"fadeInLeft\"][\/vc_column_inner][vc_column_inner el_class=\"center_mobile\" width=\"3\/4\"][vc_column_text css_animation=\"fadeInRightBig\"]<\/p>\n<h3><a href=\"\/?page_id=25494\">TRAINING<\/a><\/h3>\n<p>\u00c9r\u00e9bia <span lang=\"EN-US\">designs and hosts training sessions for individuals and organizations. Training sessions aim at improving knowledge about indigenous realities, and foster respectful and adequate practices when working with communities<\/span>.[\/vc_column_text][vc_empty_space height=\"20\"]<div class=\"gem-button-container gem-button-position-left thegem-button-69e9023b4a6042245    \"  ><a title=\"Formation et atelier\" class=\"gem-button gem-button-size-medium gem-button-style-flat gem-button-text-weight-thin\" data-ll-effect=\"drop-right-without-wrap\" style=\"border-radius: 3px;\" onmouseleave=\"\" onmouseenter=\"\" href=\"https:\/\/erebia.ca\/en\/services\/training\/\" target=\"_self\">Learn more<\/a><\/div> [\/vc_column_inner][\/vc_row_inner][vc_empty_space height=\"50\"][vc_row_inner][vc_column_inner width=\"1\/4\"][vc_single_image image=\"25519\" img_size=\"full\" alignment=\"center\" css_animation=\"fadeInLeft\"][\/vc_column_inner][vc_column_inner el_class=\"center_mobile\" width=\"3\/4\"][vc_column_text css_animation=\"fadeInRightBig\"]<\/p>\n<h3><a href=\"\/?page_id=25570\">ORGANIZATIONAL SUPPORT<\/a><\/h3>\n<p><span lang=\"EN-US\">You are an Indigenous community or you work in collaboration with communities, \u00c9r\u00e9bia can provide support for your projects related to consultation, environmental monitoring or the collection of local and Indigenous knowledge<\/span>.[\/vc_column_text][vc_empty_space height=\"20\"]<div class=\"gem-button-container gem-button-position-left thegem-button-69e9023b4a716325    \"  ><a title=\"Organizational support\" class=\"gem-button gem-button-size-medium gem-button-style-flat gem-button-text-weight-thin\" data-ll-effect=\"drop-right-without-wrap\" style=\"border-radius: 3px;\" onmouseleave=\"\" onmouseenter=\"\" href=\"https:\/\/erebia.ca\/en\/services\/organizational-support\/\" target=\"_self\">Learn more<\/a><\/div> [\/vc_column_inner][\/vc_row_inner][vc_empty_space height=\"50\"][vc_row_inner][vc_column_inner width=\"1\/4\"][vc_single_image image=\"25518\" img_size=\"full\" alignment=\"center\" css_animation=\"fadeInLeft\"][\/vc_column_inner][vc_column_inner el_class=\"center_mobile\" width=\"3\/4\"][vc_column_text css_animation=\"fadeInRightBig\"]<\/p>\n<h3><a href=\"\/?page_id=25571\">PROJECT DESIGN AND analyses<\/a><\/h3>\n<p><span lang=\"EN-US\">\u00c9r\u00e9bia designs and elaborates environmental monitoring programs based on local and Indigenous knowledge, or a combination of scientific, local and Indigenous knowledge<\/span>s.[\/vc_column_text][vc_empty_space height=\"20\"]<div class=\"gem-button-container gem-button-position-left thegem-button-69e9023b4a8023144    \"  ><a title=\"Conception de projets et analyses\" class=\"gem-button gem-button-size-medium gem-button-style-flat gem-button-text-weight-thin\" data-ll-effect=\"drop-right-without-wrap\" style=\"border-radius: 3px;\" onmouseleave=\"\" onmouseenter=\"\" href=\"https:\/\/erebia.ca\/en\/services\/project-design-and-analyses\/\" target=\"_self\">Learn more<\/a><\/div> [\/vc_column_inner][\/vc_row_inner][vc_empty_space height=\"70\"][\/vc_column][\/vc_row]<\/p>\n<\/div>","protected":false},"excerpt":{"rendered":"<p>[vc_row css=&#8221;.vc_custom_1574369559754{margin-top: 0px !important;}&#8221;][vc_column][vc_empty_space height=&#8221;70&#8243;][vc_column_text css_animation=&#8221;none&#8221;] ALONG WITH INDIGENOUS COMMUNITIEs Our expertise\u00a0: working for and with Indigenous communities to respectfully&#8230;<\/p>\n","protected":false},"author":1,"featured_media":26272,"parent":0,"menu_order":-98,"comment_status":"closed","ping_status":"closed","template":"","meta":{"footnotes":""},"class_list":["post-26371","page","type-page","status-publish","has-post-thumbnail"],"yoast_head":"<!-- This site is optimized with the Yoast SEO plugin v26.8 - https:\/\/yoast.com\/product\/yoast-seo-wordpress\/ -->\n<title>Travailler avec les autochtones pour un avenir durable - \u00c9r\u00e9bia<\/title>\n<meta name=\"description\" content=\"\u00c9r\u00e9bia vous accompagne pour \u00e9laborer des collaborations significatives et parfaire vos connaissances sur les communaut\u00e9s autochtones.\" \/>\n<meta name=\"robots\" content=\"index, follow, max-snippet:-1, max-image-preview:large, max-video-preview:-1\" \/>\n<link rel=\"canonical\" href=\"https:\/\/erebia.ca\/en\/services\/\" \/>\n<meta property=\"og:locale\" content=\"en_US\" \/>\n<meta property=\"og:type\" content=\"article\" \/>\n<meta property=\"og:title\" content=\"Travailler avec les autochtones pour un avenir durable - \u00c9r\u00e9bia\" \/>\n<meta property=\"og:description\" content=\"\u00c9r\u00e9bia vous accompagne pour \u00e9laborer des collaborations significatives et parfaire vos connaissances sur les communaut\u00e9s autochtones.\" \/>\n<meta property=\"og:url\" content=\"https:\/\/erebia.ca\/en\/services\/\" \/>\n<meta property=\"og:site_name\" content=\"\u00c9r\u00e9bia\" \/>\n<meta property=\"article:modified_time\" content=\"2020-11-24T15:28:12+00:00\" \/>\n<meta property=\"og:image\" content=\"https:\/\/erebia.ca\/wp-content\/uploads\/2019\/11\/erebia-services.jpg\" \/>\n\t<meta property=\"og:image:width\" content=\"2000\" \/>\n\t<meta property=\"og:image:height\" content=\"1330\" \/>\n\t<meta property=\"og:image:type\" content=\"image\/jpeg\" \/>\n<meta name=\"twitter:card\" content=\"summary_large_image\" \/>\n<meta name=\"twitter:label1\" content=\"Est. reading time\" \/>\n\t<meta name=\"twitter:data1\" content=\"2 minutes\" \/>\n<script type=\"application\/ld+json\" class=\"yoast-schema-graph\">{\"@context\":\"https:\/\/schema.org\",\"@graph\":[{\"@type\":\"WebPage\",\"@id\":\"https:\/\/erebia.ca\/en\/services\/\",\"url\":\"https:\/\/erebia.ca\/en\/services\/\",\"name\":\"Travailler avec les autochtones pour un avenir durable - \u00c9r\u00e9bia\",\"isPartOf\":{\"@id\":\"https:\/\/erebia.ca\/#website\"},\"primaryImageOfPage\":{\"@id\":\"https:\/\/erebia.ca\/en\/services\/#primaryimage\"},\"image\":{\"@id\":\"https:\/\/erebia.ca\/en\/services\/#primaryimage\"},\"thumbnailUrl\":\"https:\/\/erebia.ca\/wp-content\/uploads\/2019\/11\/erebia-services.jpg\",\"datePublished\":\"2019-11-07T14:36:36+00:00\",\"dateModified\":\"2020-11-24T15:28:12+00:00\",\"description\":\"\u00c9r\u00e9bia vous accompagne pour \u00e9laborer des collaborations significatives et parfaire vos connaissances sur les communaut\u00e9s autochtones.\",\"breadcrumb\":{\"@id\":\"https:\/\/erebia.ca\/en\/services\/#breadcrumb\"},\"inLanguage\":\"en-US\",\"potentialAction\":[{\"@type\":\"ReadAction\",\"target\":[\"https:\/\/erebia.ca\/en\/services\/\"]}]},{\"@type\":\"ImageObject\",\"inLanguage\":\"en-US\",\"@id\":\"https:\/\/erebia.ca\/en\/services\/#primaryimage\",\"url\":\"https:\/\/erebia.ca\/wp-content\/uploads\/2019\/11\/erebia-services.jpg\",\"contentUrl\":\"https:\/\/erebia.ca\/wp-content\/uploads\/2019\/11\/erebia-services.jpg\",\"width\":2000,\"height\":1330},{\"@type\":\"BreadcrumbList\",\"@id\":\"https:\/\/erebia.ca\/en\/services\/#breadcrumb\",\"itemListElement\":[{\"@type\":\"ListItem\",\"position\":1,\"name\":\"Accueil\",\"item\":\"https:\/\/erebia.ca\/en\/\"},{\"@type\":\"ListItem\",\"position\":2,\"name\":\"Services\"}]},{\"@type\":\"WebSite\",\"@id\":\"https:\/\/erebia.ca\/#website\",\"url\":\"https:\/\/erebia.ca\/\",\"name\":\"\u00c9r\u00e9bia\",\"description\":\"\",\"potentialAction\":[{\"@type\":\"SearchAction\",\"target\":{\"@type\":\"EntryPoint\",\"urlTemplate\":\"https:\/\/erebia.ca\/?s={search_term_string}\"},\"query-input\":{\"@type\":\"PropertyValueSpecification\",\"valueRequired\":true,\"valueName\":\"search_term_string\"}}],\"inLanguage\":\"en-US\"}]}<\/script>\n<!-- \/ Yoast SEO plugin. -->","yoast_head_json":{"title":"Travailler avec les autochtones pour un avenir durable - \u00c9r\u00e9bia","description":"\u00c9r\u00e9bia vous accompagne pour \u00e9laborer des collaborations significatives et parfaire vos connaissances sur les communaut\u00e9s autochtones.","robots":{"index":"index","follow":"follow","max-snippet":"max-snippet:-1","max-image-preview":"max-image-preview:large","max-video-preview":"max-video-preview:-1"},"canonical":"https:\/\/erebia.ca\/en\/services\/","og_locale":"en_US","og_type":"article","og_title":"Travailler avec les autochtones pour un avenir durable - \u00c9r\u00e9bia","og_description":"\u00c9r\u00e9bia vous accompagne pour \u00e9laborer des collaborations significatives et parfaire vos connaissances sur les communaut\u00e9s autochtones.","og_url":"https:\/\/erebia.ca\/en\/services\/","og_site_name":"\u00c9r\u00e9bia","article_modified_time":"2020-11-24T15:28:12+00:00","og_image":[{"width":2000,"height":1330,"url":"https:\/\/erebia.ca\/wp-content\/uploads\/2019\/11\/erebia-services.jpg","type":"image\/jpeg"}],"twitter_card":"summary_large_image","twitter_misc":{"Est. reading time":"2 minutes"},"schema":{"@context":"https:\/\/schema.org","@graph":[{"@type":"WebPage","@id":"https:\/\/erebia.ca\/en\/services\/","url":"https:\/\/erebia.ca\/en\/services\/","name":"Travailler avec les autochtones pour un avenir durable - \u00c9r\u00e9bia","isPartOf":{"@id":"https:\/\/erebia.ca\/#website"},"primaryImageOfPage":{"@id":"https:\/\/erebia.ca\/en\/services\/#primaryimage"},"image":{"@id":"https:\/\/erebia.ca\/en\/services\/#primaryimage"},"thumbnailUrl":"https:\/\/erebia.ca\/wp-content\/uploads\/2019\/11\/erebia-services.jpg","datePublished":"2019-11-07T14:36:36+00:00","dateModified":"2020-11-24T15:28:12+00:00","description":"\u00c9r\u00e9bia vous accompagne pour \u00e9laborer des collaborations significatives et parfaire vos connaissances sur les communaut\u00e9s autochtones.","breadcrumb":{"@id":"https:\/\/erebia.ca\/en\/services\/#breadcrumb"},"inLanguage":"en-US","potentialAction":[{"@type":"ReadAction","target":["https:\/\/erebia.ca\/en\/services\/"]}]},{"@type":"ImageObject","inLanguage":"en-US","@id":"https:\/\/erebia.ca\/en\/services\/#primaryimage","url":"https:\/\/erebia.ca\/wp-content\/uploads\/2019\/11\/erebia-services.jpg","contentUrl":"https:\/\/erebia.ca\/wp-content\/uploads\/2019\/11\/erebia-services.jpg","width":2000,"height":1330},{"@type":"BreadcrumbList","@id":"https:\/\/erebia.ca\/en\/services\/#breadcrumb","itemListElement":[{"@type":"ListItem","position":1,"name":"Accueil","item":"https:\/\/erebia.ca\/en\/"},{"@type":"ListItem","position":2,"name":"Services"}]},{"@type":"WebSite","@id":"https:\/\/erebia.ca\/#website","url":"https:\/\/erebia.ca\/","name":"\u00c9r\u00e9bia","description":"","potentialAction":[{"@type":"SearchAction","target":{"@type":"EntryPoint","urlTemplate":"https:\/\/erebia.ca\/?s={search_term_string}"},"query-input":{"@type":"PropertyValueSpecification","valueRequired":true,"valueName":"search_term_string"}}],"inLanguage":"en-US"}]}},"_links":{"self":[{"href":"https:\/\/erebia.ca\/en\/wp-json\/wp\/v2\/pages\/26371","targetHints":{"allow":["GET"]}}],"collection":[{"href":"https:\/\/erebia.ca\/en\/wp-json\/wp\/v2\/pages"}],"about":[{"href":"https:\/\/erebia.ca\/en\/wp-json\/wp\/v2\/types\/page"}],"author":[{"embeddable":true,"href":"https:\/\/erebia.ca\/en\/wp-json\/wp\/v2\/users\/1"}],"replies":[{"embeddable":true,"href":"https:\/\/erebia.ca\/en\/wp-json\/wp\/v2\/comments?post=26371"}],"version-history":[{"count":7,"href":"https:\/\/erebia.ca\/en\/wp-json\/wp\/v2\/pages\/26371\/revisions"}],"predecessor-version":[{"id":26453,"href":"https:\/\/erebia.ca\/en\/wp-json\/wp\/v2\/pages\/26371\/revisions\/26453"}],"wp:featuredmedia":[{"embeddable":true,"href":"https:\/\/erebia.ca\/en\/wp-json\/wp\/v2\/media\/26272"}],"wp:attachment":[{"href":"https:\/\/erebia.ca\/en\/wp-json\/wp\/v2\/media?parent=26371"}],"curies":[{"name":"wp","href":"https:\/\/api.w.org\/{rel}","templated":true}]}}