{"id":26364,"date":"2016-03-24T11:55:10","date_gmt":"2016-03-24T11:55:10","guid":{"rendered":"https:\/\/erebia.ca\/homepage-media-agency\/"},"modified":"2020-11-24T11:28:15","modified_gmt":"2020-11-24T16:28:15","slug":"homepage-media-agency","status":"publish","type":"page","link":"https:\/\/erebia.ca\/en\/","title":{"rendered":"Home"},"content":{"rendered":"<div class=\"wpb-content-wrapper\"><p>[vc_row full_width=\"stretch_row_content\" css=\".vc_custom_1574883506612{margin-bottom: 0px !important;}\" el_id=\"parralax_home\"][vc_column]<div id=\"fullwidth-block-69e8e92dcd5fa\" class=\"fullwidth-block fullwidth-block-parallax-vertical clearfix\" data-mobile-parallax-enable=\"1\" style=\"padding-bottom: 300px;\"><script type=\"text\/javascript\">if (typeof(gem_fix_fullwidth_position) == \"function\") { gem_fix_fullwidth_position(document.getElementById(\"fullwidth-block-69e8e92dcd5fa\")); }<\/script><div class=\"fullwidth-block-background\" style=\"background-image: url(https:\/\/erebia.ca\/wp-content\/uploads\/2019\/11\/erebia-environnement-autochtone3.jpg);background-repeat: no-repeat; background-size: cover;background-position: center center;\"><\/div><div class=\"fullwidth-block-inner\"><div class=\"clearboth\"><\/div><style>#thegem-divider-69e8e92dcd6cc {margin-top: 300px !important;}<\/style><div id=\"thegem-divider-69e8e92dcd6cc\" class=\"gem-divider  \" style=\"\" ><\/div>[vc_column_text css_animation=\"fadeInUp\"]<\/p>\n<div class=\"title-xlarge\" style=\"text-align: center; color: #13426b;\">WORKING TOGETHER FOR A<br \/>\n<span class=\"light\" style=\"color: #13426b;\">RESPECTFUL AND SUSTAINABLE FUTURE<\/span><\/div>\n<p>[\/vc_column_text]<div class=\"clearboth\"><\/div><style>#thegem-divider-69e8e92dcd722 {margin-top: 40px !important;}<\/style><div id=\"thegem-divider-69e8e92dcd722\" class=\"gem-divider  \" style=\"\" ><\/div><\/div><\/div><div id=\"fullwidth-block-69e8e92dcd916\" class=\"fullwidth-block fullwidth-block-parallax-vertical clearfix\" data-mobile-parallax-enable=\"1\" style=\"background-color: #ffffff;padding-top: 80px;padding-bottom: 80px;\"><script type=\"text\/javascript\">if (typeof(gem_fix_fullwidth_position) == \"function\") { gem_fix_fullwidth_position(document.getElementById(\"fullwidth-block-69e8e92dcd916\")); }<\/script><div class=\"fullwidth-block-background\" style=\"background-image: url(https:\/\/erebia.ca\/wp-content\/uploads\/2019\/11\/erebia-bg-1.png);background-repeat: no-repeat; background-size: cover;background-position: center center;\"><\/div><div class=\"fullwidth-block-parallax-overlay\" style=\"background-color: rgba(255,255,255,0.27);\"><\/div><div class=\"fullwidth-block-inner\"><div class=\"container\">[vc_row_inner][vc_column_inner][vc_column_text css_animation=\"fadeInUp\"]<\/p>\n<h2 style=\"text-align: center;\">WORKING CLOSELY WITH INDIGENOUS COMMUNITIES<\/h2>\n<p><strong>\u00c9r\u00e9bia is an environmental consulting firm specializing in collaborative works with Indigenous communities. \u00c9r\u00e9bia also specializes in weaving together Indigenous and scientific knowledges.<\/strong><\/p>\n<p>At \u00c9r\u00e9bia, we believe that by working and collaborating closely together, community members, researchers and managers can contribute a broader understanding of the social and environmental challenges facing our society.<\/p>\n<p>Our aim is the active and sincere involvement of communities in our projects, with communities maintaining ownership of data and information.[\/vc_column_text][\/vc_column_inner][\/vc_row_inner]<style type=\"text\/css\">.thegem-button-69e8e92dcda6e3966.lazy-loading-before-start-animation .lazy-loading-item {opacity: 0;} body.thegem-effects-disabled .thegem-button-69e8e92dcda6e3966.lazy-loading-before-start-animation .lazy-loading-item {opacity: 1;}<\/style><div class=\"gem-button-container gem-button-position-center thegem-button-69e8e92dcda6e3966     lazy-loading lazy-loading-before-start-animation\"  ><a title=\"\u00c0 propos\" class=\"gem-button gem-button-size-medium gem-button-style-flat gem-button-text-weight-thin lazy-loading-item\" data-ll-effect=\"drop-right-without-wrap\" style=\"border-radius: 3px;\" onmouseleave=\"\" onmouseenter=\"\" href=\"https:\/\/erebia.ca\/en\/about\/\" target=\"_self\">About<\/a><\/div> <\/div><\/div><\/div>[\/vc_column][\/vc_row][vc_row css=\".vc_custom_1574196384969{margin-top: 0px !important;margin-bottom: 0px !important;}\"][vc_column]<div id=\"fullwidth-block-69e8e92dcdc86\" class=\"fullwidth-block clearfix\"  style=\"\"><script type=\"text\/javascript\">if (typeof(gem_fix_fullwidth_position) == \"function\") { gem_fix_fullwidth_position(document.getElementById(\"fullwidth-block-69e8e92dcdc86\")); }<\/script><div class=\"gem-video-background\" data-aspect-ratio=\"16:9\"><div class=\"gem-video-background-inner\"><video id=\"thegem-video-frame-69e8e92dcdc6c8354\" autoplay=\"autoplay\" loop=\"loop\" src=\"https:\/\/erebia.ca\/wp-content\/uploads\/2019\/11\/erebia-snow-loop.mov\" muted=\"muted\" poster=\"https:\/\/erebia.ca\/wp-content\/uploads\/2019\/11\/erebia-environnement-autochtone4.jpg\"><\/video><\/div><div class=\"gem-video-background-overlay\" style=\"background-color: #072141; opacity: 0.5;\"><\/div><\/div><div class=\"fullwidth-block-inner\"><div class=\"container\"><div class=\"clearboth\"><\/div><style>#thegem-divider-69e8e92dcdd52 {margin-top: 85px !important;}<\/style><div id=\"thegem-divider-69e8e92dcdd52\" class=\"gem-divider  \" style=\"\" ><\/div>[vc_column_text css_animation=\"fadeInUp\"]<\/p>\n<h2 style=\"text-align: center;\"><span class=\"light\" style=\"color: #ffffff;\">SERVICES<\/span><\/h2>\n<p>[\/vc_column_text]<div class=\"clearboth\"><\/div><style>#thegem-divider-69e8e92dcdd9a {margin-top: 87px !important;}<\/style><div id=\"thegem-divider-69e8e92dcdd9a\" class=\"gem-divider  \" style=\"\" ><\/div>[vc_row_inner equal_height=\"yes\" el_id=\"erebia_accueil_service\"][vc_column_inner width=\"1\/3\" offset=\"vc_col-lg-4\"][vc_single_image image=\"26344\" img_size=\"full\" alignment=\"center\" css_animation=\"fadeInUp\"][vc_column_text css_animation=\"fadeInUp\"]<\/p>\n<div class=\"styled-subtitle\" style=\"text-align: center;\"><a href=\"\/?page_id=25494\"><span style=\"color: #ffffff;\">Training<\/span><\/a><\/div>\n<p>[\/vc_column_text][vc_column_text css_animation=\"fadeInUp\"]<\/p>\n<p style=\"text-align: center;\"><span style=\"color: #a5b1be;\">\u00c9r\u00e9bia designs and hosts training sessions for individuals and organizations. Training sessions aim at improving knowledge about indigenous realities, and foster respectful and adequate practices when working with communities.<\/span><\/p>\n<p>[\/vc_column_text]<div class=\"gem-button-container gem-button-position-center thegem-button-69e8e92dcde655496    \"  ><a title=\"\u00c0 propos\" class=\"gem-button gem-button-size-medium gem-button-style-flat gem-button-text-weight-thin\" data-ll-effect=\"drop-right-without-wrap\" style=\"border-radius: 3px;\" onmouseleave=\"\" onmouseenter=\"\" href=\"https:\/\/erebia.ca\/en\/services\/training\/\" target=\"_self\">Learn more<\/a><\/div> [\/vc_column_inner][vc_column_inner width=\"1\/3\" offset=\"vc_col-lg-4\"][vc_single_image image=\"25522\" img_size=\"full\" alignment=\"center\" css_animation=\"fadeInUp\"][vc_column_text css_animation=\"fadeInUp\"]<\/p>\n<div class=\"styled-subtitle\" style=\"text-align: center;\"><a href=\"\/?page_id=25570\"><span style=\"color: #ffffff;\">Organizational support<\/span><\/a><\/div>\n<p>[\/vc_column_text][vc_column_text css_animation=\"fadeInUp\"]<\/p>\n<p style=\"text-align: center;\"><span style=\"color: #a5b1be;\">You are an Indigenous community or you work in collaboration with communities, \u00c9r\u00e9bia can provide support for your projects related to consultation, environmental monitoring or the collection of local and Indigenous knowledge. <\/span><\/p>\n<p>[\/vc_column_text]<div class=\"gem-button-container gem-button-position-center thegem-button-69e8e92dcdf271970    \"  ><a title=\"\u00c0 propos\" class=\"gem-button gem-button-size-medium gem-button-style-flat gem-button-text-weight-thin\" data-ll-effect=\"drop-right-without-wrap\" style=\"border-radius: 3px;\" onmouseleave=\"\" onmouseenter=\"\" href=\"https:\/\/erebia.ca\/en\/services\/organizational-support\/\" target=\"_self\">Learn more<\/a><\/div> [\/vc_column_inner][vc_column_inner width=\"1\/3\" offset=\"vc_col-lg-4\"][vc_single_image image=\"25521\" img_size=\"full\" alignment=\"center\" css_animation=\"fadeInUp\"][vc_column_text css_animation=\"fadeInUp\"]<\/p>\n<div class=\"styled-subtitle\" style=\"text-align: center;\"><a href=\"\/?page_id=25571\"><span style=\"color: #ffffff;\">Project design and analyses<\/span><\/a><\/div>\n<p>[\/vc_column_text][vc_column_text css_animation=\"fadeInUp\"]<\/p>\n<p style=\"text-align: center;\"><span style=\"color: #a5b1be;\">\u00c9r\u00e9bia designs and elaborates environmental monitoring programs based on Local and Indigenous knowledge, or a combination of scientific, local and Indigenous knowledge. <\/span><\/p>\n<p>[\/vc_column_text]<div class=\"gem-button-container gem-button-position-center thegem-button-69e8e92dcdfc77594    \"  ><a title=\"\u00c0 propos\" class=\"gem-button gem-button-size-medium gem-button-style-flat gem-button-text-weight-thin\" data-ll-effect=\"drop-right-without-wrap\" style=\"border-radius: 3px;\" onmouseleave=\"\" onmouseenter=\"\" href=\"https:\/\/erebia.ca\/en\/services\/project-design-and-analyses\/\" target=\"_self\">Learn more<\/a><\/div> [\/vc_column_inner][\/vc_row_inner]<div class=\"clearboth\"><\/div><style>#thegem-divider-69e8e92dce015 {margin-top: 120px !important;}<\/style><div id=\"thegem-divider-69e8e92dce015\" class=\"gem-divider  \" style=\"\" ><\/div><\/div><\/div><\/div>[\/vc_column][\/vc_row][vc_row full_width=\"stretch_row\" el_class=\"fix_row_margin_top\" css=\".vc_custom_1579106644913{background-color: #e6ecf0 !important;}\"][vc_column]<div class=\"clearboth\"><\/div><style>#thegem-divider-69e8e92dce076 {margin-top: 70px !important;}<\/style><div id=\"thegem-divider-69e8e92dce076\" class=\"gem-divider  \" style=\"\" ><\/div>[vc_row_inner][vc_column_inner][vc_column_text css_animation=\"fadeInUp\"]<\/p>\n<h2 style=\"text-align: center;\">OUR mission<\/h2>\n<ul>\n<li><strong>Find<\/strong>\u00a0innovative methods to mobilize and weave together local, Indigenous and scientific knowledges.<\/li>\n<li><strong>Support<\/strong>\u00a0individuals and organizations in the development of quality projects based on sustainable and respectful relationships with Indigenous communities.<\/li>\n<li><strong>Collaborate<\/strong>\u00a0with local and Indigenous communities to establish research or environmental monitoring projects based on their interests and knowledge.<\/li>\n<li><strong>Sensitize<\/strong>\u00a0individuals and non-indigenous collectivities to Indigenous realities.<\/li>\n<li><strong>Foster<\/strong>\u00a0knowledge transfer and capacity building within communities.<\/li>\n<\/ul>\n<p>[\/vc_column_text]<div class=\"clearboth\"><\/div><style>#thegem-divider-69e8e92dce0b4 {margin-top: 40px !important;}<\/style><div id=\"thegem-divider-69e8e92dce0b4\" class=\"gem-divider  \" style=\"\" ><\/div>[vc_column_text css_animation=\"fadeInUp\"]<\/p>\n<h2 style=\"text-align: center;\">oUR philosophY<\/h2>\n<p style=\"text-align: center;\"><strong>Rely on respectful collaboration and benefit from the\u00a0strengths of our respective knowledges .<\/strong><\/p>\n<p>[\/vc_column_text][\/vc_column_inner][\/vc_row_inner]<div class=\"clearboth\"><\/div><style>#thegem-divider-69e8e92dce0ee {margin-top: 70px !important;}<\/style><div id=\"thegem-divider-69e8e92dce0ee\" class=\"gem-divider  \" style=\"\" ><\/div>[\/vc_column][\/vc_row][vc_row full_width=\"stretch_row\" equal_height=\"yes\" content_placement=\"middle\" parallax=\"content-moving\" parallax_image=\"25413\" disable_element=\"yes\" css=\".vc_custom_1606235282204{margin-top: 0px !important;margin-bottom: 0px !important;}\"][vc_column]<div class=\"clearboth\"><\/div><style>#thegem-divider-69e8e92dce125 {margin-top: 70px !important;}<\/style><div id=\"thegem-divider-69e8e92dce125\" class=\"gem-divider  \" style=\"\" ><\/div>[vc_column_text css_animation=\"fadeInUp\"]<\/p>\n<h2 style=\"text-align: center;\">blog<\/h2>\n<p>[\/vc_column_text]<div class=\"clearboth\"><\/div><style>#thegem-divider-69e8e92dcece5 {margin-top: 70px !important;}<\/style><div id=\"thegem-divider-69e8e92dcece5\" class=\"gem-divider  \" style=\"\" ><\/div>[\/vc_column][\/vc_row][vc_row full_width=\"stretch_row_content\"][vc_column]<div class=\"clearboth\"><\/div><style>#thegem-divider-69e8e92dced2f {margin-top: 70px !important;}<\/style><div id=\"thegem-divider-69e8e92dced2f\" class=\"gem-divider  \" style=\"\" ><\/div>[vc_column_text css_animation=\"fadeInUp\"]<\/p>\n<h2 style=\"text-align: center;\">PAST MANDATES<\/h2>\n<p>[\/vc_column_text]<div class=\"clearboth\"><\/div><style>#thegem-divider-69e8e92dced6d {margin-top: 25px !important;}<\/style><div id=\"thegem-divider-69e8e92dced6d\" class=\"gem-divider  \" style=\"\" ><\/div>[vc_row_inner content_placement=\"top\" gap=\"20\" disable_custom_paddings_tablet=\"true\" disable_custom_paddings_mobile=\"true\" css=\".vc_custom_1574190339534{padding-right: 30px !important;padding-left: 30px !important;}\"][vc_column_inner width=\"1\/6\"][vc_single_image image=\"25416\" img_size=\"full\" alignment=\"center\"][vc_separator][vc_column_text]<\/p>\n<h5 style=\"text-align: center;\">TRAINING<\/h5>\n<p>[\/vc_column_text][\/vc_column_inner][vc_column_inner width=\"1\/6\"][vc_single_image image=\"25421\" img_size=\"full\" add_caption=\"yes\" alignment=\"center\"][vc_separator][vc_column_text]<\/p>\n<h5 style=\"text-align: center;\">TRAINING<\/h5>\n<p>[\/vc_column_text][\/vc_column_inner][vc_column_inner width=\"1\/6\"][vc_single_image image=\"25420\" img_size=\"full\" add_caption=\"yes\" alignment=\"center\"][vc_separator][vc_column_text]<\/p>\n<h5 style=\"text-align: center;\">ORGANIZATIONAL SUPPORT<\/h5>\n<p>[\/vc_column_text][\/vc_column_inner][vc_column_inner width=\"1\/6\"][vc_single_image image=\"25417\" img_size=\"full\" add_caption=\"yes\" alignment=\"center\"][vc_separator][vc_column_text]<\/p>\n<h5 style=\"text-align: center;\">ORGANIZATIONAL SUPPORT<\/h5>\n<p>[\/vc_column_text][\/vc_column_inner][vc_column_inner width=\"1\/6\"][vc_single_image image=\"25419\" img_size=\"full\" add_caption=\"yes\" alignment=\"center\"][vc_separator][vc_column_text]<\/p>\n<h5 style=\"text-align: center;\">ORGANIZATIONAL SUPPORT<\/h5>\n<p>[\/vc_column_text][\/vc_column_inner][vc_column_inner width=\"1\/6\"][vc_single_image image=\"25418\" img_size=\"full\" add_caption=\"yes\" alignment=\"center\"][vc_separator][vc_column_text]<\/p>\n<h5 style=\"text-align: center;\">ORGANIZATIONAL SUPPORT<\/h5>\n<p>[\/vc_column_text][\/vc_column_inner][\/vc_row_inner]<div class=\"gem-button-container gem-button-position-center thegem-button-69e8e92dcee1e9112    \"  ><a title=\"\u00c0 propos\" class=\"gem-button gem-button-size-medium gem-button-style-flat gem-button-text-weight-thin\" data-ll-effect=\"drop-right-without-wrap\" style=\"border-radius: 3px;\" onmouseleave=\"\" onmouseenter=\"\" href=\"https:\/\/erebia.ca\/en\/achievements\/\" target=\"_self\">Achievements<\/a><\/div> <div class=\"clearboth\"><\/div><style>#thegem-divider-69e8e92dcee82 {margin-top: 45px !important;}<\/style><div id=\"thegem-divider-69e8e92dcee82\" class=\"gem-divider  \" style=\"\" ><\/div>[\/vc_column][\/vc_row][vc_row full_width=\"stretch_row\" content_placement=\"middle\" css=\".vc_custom_1574792479464{margin-top: 0px !important;margin-bottom: 0px !important;background-color: #e6ecf0 !important;}\" el_id=\"erebia_call_action\"][vc_column]<div class=\"clearboth\"><\/div><style>#thegem-divider-69e8e92dceebd {margin-top: 70px !important;}<\/style><div id=\"thegem-divider-69e8e92dceebd\" class=\"gem-divider  \" style=\"\" ><\/div>[vc_row_inner][vc_column_inner width=\"2\/3\"][vc_column_text css_animation=\"fadeInLeftBig\"]<\/p>\n<h3>TO DISCUSS ABOUT A PROJECT OR TO LEARN MORE ABOUT \u00c9R\u00c9BIA.<\/h3>\n<p>[\/vc_column_text][\/vc_column_inner][vc_column_inner width=\"1\/3\"]<div class=\"gem-button-container gem-button-position-center thegem-button-69e8e92dcef494890    \"  ><a title=\"\u00c0 propos\" class=\"gem-button gem-button-size-medium gem-button-style-flat gem-button-text-weight-thin\" data-ll-effect=\"drop-right-without-wrap\" style=\"border-radius: 3px;\" onmouseleave=\"\" onmouseenter=\"\" href=\"https:\/\/erebia.ca\/en\/contact\/\" target=\"_self\">Contact us!<\/a><\/div> [\/vc_column_inner][\/vc_row_inner]<div class=\"clearboth\"><\/div><style>#thegem-divider-69e8e92dcef95 {margin-top: 70px !important;}<\/style><div id=\"thegem-divider-69e8e92dcef95\" class=\"gem-divider  \" style=\"\" ><\/div>[\/vc_column][\/vc_row]<\/p>\n<\/div>","protected":false},"excerpt":{"rendered":"<p>[vc_row full_width=&#8221;stretch_row_content&#8221; css=&#8221;.vc_custom_1574883506612{margin-bottom: 0px !important;}&#8221; el_id=&#8221;parralax_home&#8221;][vc_column][\/vc_column][\/vc_row][vc_row css=&#8221;.vc_custom_1574196384969{margin-top: 0px !important;margin-bottom: 0px !important;}&#8221;][vc_column][\/vc_column][\/vc_row][vc_row full_width=&#8221;stretch_row&#8221; el_class=&#8221;fix_row_margin_top&#8221; css=&#8221;.vc_custom_1579106644913{background-color: #e6ecf0 !important;}&#8221;][vc_column][vc_row_inner][vc_column_inner][vc_column_text css_animation=&#8221;fadeInUp&#8221;] OUR mission Find\u00a0innovative&#8230;<\/p>\n","protected":false},"author":1,"featured_media":26273,"parent":0,"menu_order":-99,"comment_status":"closed","ping_status":"closed","template":"","meta":{"footnotes":""},"class_list":["post-26364","page","type-page","status-publish","has-post-thumbnail"],"yoast_head":"<!-- This site is optimized with the Yoast SEO plugin v26.8 - https:\/\/yoast.com\/product\/yoast-seo-wordpress\/ -->\n<title>Cabinet-conseil en environnement - \u00c9r\u00e9bia<\/title>\n<meta name=\"description\" content=\"\u00c9r\u00e9bia se sp\u00e9cialise en environnement, dans les relations avec les communaut\u00e9s autochtones et dans la mise en commun des savoirs autochtones et scientifiques.\" \/>\n<meta name=\"robots\" content=\"index, follow, max-snippet:-1, max-image-preview:large, max-video-preview:-1\" \/>\n<link rel=\"canonical\" href=\"https:\/\/erebia.ca\/en\/\" \/>\n<meta property=\"og:locale\" content=\"en_US\" \/>\n<meta property=\"og:type\" content=\"article\" \/>\n<meta property=\"og:title\" content=\"Cabinet-conseil en environnement - \u00c9r\u00e9bia\" \/>\n<meta property=\"og:description\" content=\"\u00c9r\u00e9bia se sp\u00e9cialise en environnement, dans les relations avec les communaut\u00e9s autochtones et dans la mise en commun des savoirs autochtones et scientifiques.\" \/>\n<meta property=\"og:url\" content=\"https:\/\/erebia.ca\/en\/\" \/>\n<meta property=\"og:site_name\" content=\"\u00c9r\u00e9bia\" \/>\n<meta property=\"article:modified_time\" content=\"2020-11-24T16:28:15+00:00\" \/>\n<meta property=\"og:image\" content=\"https:\/\/erebia.ca\/wp-content\/uploads\/2019\/11\/erebia-environnement-autochtone3-1.jpg\" \/>\n\t<meta property=\"og:image:width\" content=\"2000\" \/>\n\t<meta property=\"og:image:height\" content=\"1333\" \/>\n\t<meta property=\"og:image:type\" content=\"image\/jpeg\" \/>\n<meta name=\"twitter:card\" content=\"summary_large_image\" \/>\n<meta name=\"twitter:label1\" content=\"Est. reading time\" \/>\n\t<meta name=\"twitter:data1\" content=\"6 minutes\" \/>\n<script type=\"application\/ld+json\" class=\"yoast-schema-graph\">{\"@context\":\"https:\/\/schema.org\",\"@graph\":[{\"@type\":\"WebPage\",\"@id\":\"https:\/\/erebia.ca\/en\/\",\"url\":\"https:\/\/erebia.ca\/en\/\",\"name\":\"Cabinet-conseil en environnement - \u00c9r\u00e9bia\",\"isPartOf\":{\"@id\":\"https:\/\/erebia.ca\/#website\"},\"primaryImageOfPage\":{\"@id\":\"https:\/\/erebia.ca\/en\/#primaryimage\"},\"image\":{\"@id\":\"https:\/\/erebia.ca\/en\/#primaryimage\"},\"thumbnailUrl\":\"https:\/\/erebia.ca\/wp-content\/uploads\/2019\/11\/erebia-environnement-autochtone3-1.jpg\",\"datePublished\":\"2016-03-24T11:55:10+00:00\",\"dateModified\":\"2020-11-24T16:28:15+00:00\",\"description\":\"\u00c9r\u00e9bia se sp\u00e9cialise en environnement, dans les relations avec les communaut\u00e9s autochtones et dans la mise en commun des savoirs autochtones et scientifiques.\",\"breadcrumb\":{\"@id\":\"https:\/\/erebia.ca\/en\/#breadcrumb\"},\"inLanguage\":\"en-US\",\"potentialAction\":[{\"@type\":\"ReadAction\",\"target\":[\"https:\/\/erebia.ca\/en\/\"]}]},{\"@type\":\"ImageObject\",\"inLanguage\":\"en-US\",\"@id\":\"https:\/\/erebia.ca\/en\/#primaryimage\",\"url\":\"https:\/\/erebia.ca\/wp-content\/uploads\/2019\/11\/erebia-environnement-autochtone3-1.jpg\",\"contentUrl\":\"https:\/\/erebia.ca\/wp-content\/uploads\/2019\/11\/erebia-environnement-autochtone3-1.jpg\",\"width\":2000,\"height\":1333},{\"@type\":\"BreadcrumbList\",\"@id\":\"https:\/\/erebia.ca\/en\/#breadcrumb\",\"itemListElement\":[{\"@type\":\"ListItem\",\"position\":1,\"name\":\"Accueil\",\"item\":\"https:\/\/erebia.ca\/en\/\"},{\"@type\":\"ListItem\",\"position\":2,\"name\":\"Home\"}]},{\"@type\":\"WebSite\",\"@id\":\"https:\/\/erebia.ca\/#website\",\"url\":\"https:\/\/erebia.ca\/\",\"name\":\"\u00c9r\u00e9bia\",\"description\":\"\",\"potentialAction\":[{\"@type\":\"SearchAction\",\"target\":{\"@type\":\"EntryPoint\",\"urlTemplate\":\"https:\/\/erebia.ca\/?s={search_term_string}\"},\"query-input\":{\"@type\":\"PropertyValueSpecification\",\"valueRequired\":true,\"valueName\":\"search_term_string\"}}],\"inLanguage\":\"en-US\"}]}<\/script>\n<!-- \/ Yoast SEO plugin. -->","yoast_head_json":{"title":"Cabinet-conseil en environnement - \u00c9r\u00e9bia","description":"\u00c9r\u00e9bia se sp\u00e9cialise en environnement, dans les relations avec les communaut\u00e9s autochtones et dans la mise en commun des savoirs autochtones et scientifiques.","robots":{"index":"index","follow":"follow","max-snippet":"max-snippet:-1","max-image-preview":"max-image-preview:large","max-video-preview":"max-video-preview:-1"},"canonical":"https:\/\/erebia.ca\/en\/","og_locale":"en_US","og_type":"article","og_title":"Cabinet-conseil en environnement - \u00c9r\u00e9bia","og_description":"\u00c9r\u00e9bia se sp\u00e9cialise en environnement, dans les relations avec les communaut\u00e9s autochtones et dans la mise en commun des savoirs autochtones et scientifiques.","og_url":"https:\/\/erebia.ca\/en\/","og_site_name":"\u00c9r\u00e9bia","article_modified_time":"2020-11-24T16:28:15+00:00","og_image":[{"width":2000,"height":1333,"url":"https:\/\/erebia.ca\/wp-content\/uploads\/2019\/11\/erebia-environnement-autochtone3-1.jpg","type":"image\/jpeg"}],"twitter_card":"summary_large_image","twitter_misc":{"Est. reading time":"6 minutes"},"schema":{"@context":"https:\/\/schema.org","@graph":[{"@type":"WebPage","@id":"https:\/\/erebia.ca\/en\/","url":"https:\/\/erebia.ca\/en\/","name":"Cabinet-conseil en environnement - \u00c9r\u00e9bia","isPartOf":{"@id":"https:\/\/erebia.ca\/#website"},"primaryImageOfPage":{"@id":"https:\/\/erebia.ca\/en\/#primaryimage"},"image":{"@id":"https:\/\/erebia.ca\/en\/#primaryimage"},"thumbnailUrl":"https:\/\/erebia.ca\/wp-content\/uploads\/2019\/11\/erebia-environnement-autochtone3-1.jpg","datePublished":"2016-03-24T11:55:10+00:00","dateModified":"2020-11-24T16:28:15+00:00","description":"\u00c9r\u00e9bia se sp\u00e9cialise en environnement, dans les relations avec les communaut\u00e9s autochtones et dans la mise en commun des savoirs autochtones et scientifiques.","breadcrumb":{"@id":"https:\/\/erebia.ca\/en\/#breadcrumb"},"inLanguage":"en-US","potentialAction":[{"@type":"ReadAction","target":["https:\/\/erebia.ca\/en\/"]}]},{"@type":"ImageObject","inLanguage":"en-US","@id":"https:\/\/erebia.ca\/en\/#primaryimage","url":"https:\/\/erebia.ca\/wp-content\/uploads\/2019\/11\/erebia-environnement-autochtone3-1.jpg","contentUrl":"https:\/\/erebia.ca\/wp-content\/uploads\/2019\/11\/erebia-environnement-autochtone3-1.jpg","width":2000,"height":1333},{"@type":"BreadcrumbList","@id":"https:\/\/erebia.ca\/en\/#breadcrumb","itemListElement":[{"@type":"ListItem","position":1,"name":"Accueil","item":"https:\/\/erebia.ca\/en\/"},{"@type":"ListItem","position":2,"name":"Home"}]},{"@type":"WebSite","@id":"https:\/\/erebia.ca\/#website","url":"https:\/\/erebia.ca\/","name":"\u00c9r\u00e9bia","description":"","potentialAction":[{"@type":"SearchAction","target":{"@type":"EntryPoint","urlTemplate":"https:\/\/erebia.ca\/?s={search_term_string}"},"query-input":{"@type":"PropertyValueSpecification","valueRequired":true,"valueName":"search_term_string"}}],"inLanguage":"en-US"}]}},"_links":{"self":[{"href":"https:\/\/erebia.ca\/en\/wp-json\/wp\/v2\/pages\/26364","targetHints":{"allow":["GET"]}}],"collection":[{"href":"https:\/\/erebia.ca\/en\/wp-json\/wp\/v2\/pages"}],"about":[{"href":"https:\/\/erebia.ca\/en\/wp-json\/wp\/v2\/types\/page"}],"author":[{"embeddable":true,"href":"https:\/\/erebia.ca\/en\/wp-json\/wp\/v2\/users\/1"}],"replies":[{"embeddable":true,"href":"https:\/\/erebia.ca\/en\/wp-json\/wp\/v2\/comments?post=26364"}],"version-history":[{"count":11,"href":"https:\/\/erebia.ca\/en\/wp-json\/wp\/v2\/pages\/26364\/revisions"}],"predecessor-version":[{"id":26491,"href":"https:\/\/erebia.ca\/en\/wp-json\/wp\/v2\/pages\/26364\/revisions\/26491"}],"wp:featuredmedia":[{"embeddable":true,"href":"https:\/\/erebia.ca\/en\/wp-json\/wp\/v2\/media\/26273"}],"wp:attachment":[{"href":"https:\/\/erebia.ca\/en\/wp-json\/wp\/v2\/media?parent=26364"}],"curies":[{"name":"wp","href":"https:\/\/api.w.org\/{rel}","templated":true}]}}